{"id":545,"date":"2023-08-22T12:05:21","date_gmt":"2023-08-22T09:05:21","guid":{"rendered":"http:\/\/aegeanhealthcare.com.tr\/?page_id=545"},"modified":"2023-08-22T12:07:04","modified_gmt":"2023-08-22T09:07:04","slug":"kultur-turu","status":"publish","type":"page","link":"https:\/\/aegeanhealthcare.com.tr\/en\/kultur-turu\/","title":{"rendered":"Cultural Tour"},"content":{"rendered":"<div data-elementor-type=\"wp-page\" data-elementor-id=\"545\" class=\"elementor elementor-545\" data-elementor-post-type=\"page\">\n\t\t\t\t\t\t\t\t\t<section class=\"elementor-section elementor-top-section elementor-element elementor-element-c6d28eb elementor-section-boxed elementor-section-height-default elementor-section-height-default\" data-id=\"c6d28eb\" data-element_type=\"section\">\n\t\t\t\t\t\t<div class=\"elementor-container elementor-column-gap-default\">\n\t\t\t\t\t<div class=\"elementor-column elementor-col-100 elementor-top-column elementor-element elementor-element-da01b7a\" data-id=\"da01b7a\" data-element_type=\"column\">\n\t\t\t<div class=\"elementor-widget-wrap elementor-element-populated\">\n\t\t\t\t\t\t\t\t<div class=\"elementor-element elementor-element-8105282 elementor-widget elementor-widget-text-editor\" data-id=\"8105282\" data-element_type=\"widget\" data-widget_type=\"text-editor.default\">\n\t\t\t\t<div class=\"elementor-widget-container\">\n\t\t\t<style>\/*! elementor - v3.15.0 - 09-08-2023 *\/\n.elementor-widget-text-editor.elementor-drop-cap-view-stacked .elementor-drop-cap{background-color:#69727d;color:#fff}.elementor-widget-text-editor.elementor-drop-cap-view-framed .elementor-drop-cap{color:#69727d;border:3px solid;background-color:transparent}.elementor-widget-text-editor:not(.elementor-drop-cap-view-default) .elementor-drop-cap{margin-top:8px}.elementor-widget-text-editor:not(.elementor-drop-cap-view-default) .elementor-drop-cap-letter{width:1em;height:1em}.elementor-widget-text-editor .elementor-drop-cap{float:left;text-align:center;line-height:1;font-size:50px}.elementor-widget-text-editor .elementor-drop-cap-letter{display:inline-block}<\/style>\t\t\t\t<h2><strong>In Search of Culture: Aegean Health Care Cultural Tour Experience<\/strong><\/h2><p><strong><em>Are you ready to explore the rich texture of culture? As Aegean Health Care, we make you feel the importance we attach to your health in your cultural tour experience. With our Cultural Tour page, we go on an unforgettable exploration in the footsteps of history and traditions.<\/em><\/strong><\/p><p><strong><em>Our expert guides are with you to offer you the most special cultural tours. Take care of your health while visiting historical places, but also trace the deep traces of the past. Enjoy a journey full of health in places of historical and cultural importance.<\/em><\/strong><\/p><p><strong><em>Aegean Health Care&#8217;in K\u00fclt\u00fcr Turu deneyimiyle, sadece seyahat etmekle kalmayacak, ayn\u0131 zamanda farkl\u0131 k\u00fclt\u00fcrleri tan\u0131man\u0131n keyfini \u00e7\u0131karacaks\u0131n\u0131z. Tarihin tozlu sayfalar\u0131n\u0131 \u00e7evirirken, sa\u011fl\u0131k de\u011ferlerimizi g\u00f6z ard\u0131 etmiyoruz.<\/em><\/strong><\/p><p><strong><em>Each cultural tour offers its own unique experience. You imagine we of carrying. Experience the places you visit beyond just seeing them, with tour options tailored for you.<\/em><\/strong><\/p><p><strong><em>When culture and health come together, unforgettable memories emerge. Step into the magical world of history and health with the Aegean Health Care Cultural Tour Experience, and make your trip even more meaningful.<\/em><\/strong><\/p>\t\t\t\t\t\t<\/div>\n\t\t\t\t<\/div>\n\t\t\t\t\t<\/div>\n\t\t<\/div>\n\t\t\t\t\t\t\t<\/div>\n\t\t<\/section>\n\t\t\t\t\t\t\t<\/div>","protected":false},"excerpt":{"rendered":"<p>K\u00fclt\u00fcr\u00fcn \u0130zinde: Aegean Health Care K\u00fclt\u00fcr Turu Deneyimi K\u00fclt\u00fcr\u00fcn zengin dokusunu ke\u015ffetmek i\u00e7in haz\u0131r m\u0131s\u0131n\u0131z? Aegean Health Care olarak, sa\u011fl\u0131\u011f\u0131n\u0131za verdi\u011fimiz \u00f6nemi k\u00fclt\u00fcr turu deneyiminizde de hissettiriyoruz. K\u00fclt\u00fcr Turu sayfam\u0131zla, tarihin ve geleneklerin izinde unutulmaz bir ke\u015ffe \u00e7\u0131k\u0131yoruz. Uzman rehberlerimiz, size en \u00f6zel k\u00fclt\u00fcr turlar\u0131n\u0131 sunmak i\u00e7in yan\u0131n\u0131zda. Tarihi mekanlar\u0131 gezerken sa\u011fl\u0131\u011f\u0131n\u0131za dikkat edin, ayn\u0131 [&hellip;]<\/p>","protected":false},"author":2,"featured_media":0,"parent":0,"menu_order":0,"comment_status":"closed","ping_status":"closed","template":"","meta":{"footnotes":""},"_links":{"self":[{"href":"https:\/\/aegeanhealthcare.com.tr\/en\/wp-json\/wp\/v2\/pages\/545"}],"collection":[{"href":"https:\/\/aegeanhealthcare.com.tr\/en\/wp-json\/wp\/v2\/pages"}],"about":[{"href":"https:\/\/aegeanhealthcare.com.tr\/en\/wp-json\/wp\/v2\/types\/page"}],"author":[{"embeddable":true,"href":"https:\/\/aegeanhealthcare.com.tr\/en\/wp-json\/wp\/v2\/users\/2"}],"replies":[{"embeddable":true,"href":"https:\/\/aegeanhealthcare.com.tr\/en\/wp-json\/wp\/v2\/comments?post=545"}],"version-history":[{"count":4,"href":"https:\/\/aegeanhealthcare.com.tr\/en\/wp-json\/wp\/v2\/pages\/545\/revisions"}],"predecessor-version":[{"id":549,"href":"https:\/\/aegeanhealthcare.com.tr\/en\/wp-json\/wp\/v2\/pages\/545\/revisions\/549"}],"wp:attachment":[{"href":"https:\/\/aegeanhealthcare.com.tr\/en\/wp-json\/wp\/v2\/media?parent=545"}],"curies":[{"name":"wp","href":"https:\/\/api.w.org\/{rel}","templated":true}]}}