{"id":536,"date":"2023-08-22T12:02:59","date_gmt":"2023-08-22T09:02:59","guid":{"rendered":"http:\/\/aegeanhealthcare.com.tr\/?page_id=536"},"modified":"2023-08-22T12:04:16","modified_gmt":"2023-08-22T09:04:16","slug":"rehberlik-hizmetleri","status":"publish","type":"page","link":"https:\/\/aegeanhealthcare.com.tr\/en\/rehberlik-hizmetleri\/","title":{"rendered":"Guidance Services"},"content":{"rendered":"<div data-elementor-type=\"wp-page\" data-elementor-id=\"536\" class=\"elementor elementor-536\" data-elementor-post-type=\"page\">\n\t\t\t\t\t\t\t\t\t<section class=\"elementor-section elementor-top-section elementor-element elementor-element-65fe5e3 elementor-section-boxed elementor-section-height-default elementor-section-height-default\" data-id=\"65fe5e3\" data-element_type=\"section\">\n\t\t\t\t\t\t<div class=\"elementor-container elementor-column-gap-default\">\n\t\t\t\t\t<div class=\"elementor-column elementor-col-100 elementor-top-column elementor-element elementor-element-545801a\" data-id=\"545801a\" data-element_type=\"column\">\n\t\t\t<div class=\"elementor-widget-wrap elementor-element-populated\">\n\t\t\t\t\t\t\t\t<div class=\"elementor-element elementor-element-5d6d139 elementor-widget elementor-widget-text-editor\" data-id=\"5d6d139\" data-element_type=\"widget\" data-widget_type=\"text-editor.default\">\n\t\t\t\t<div class=\"elementor-widget-container\">\n\t\t\t<style>\/*! elementor - v3.15.0 - 09-08-2023 *\/\n.elementor-widget-text-editor.elementor-drop-cap-view-stacked .elementor-drop-cap{background-color:#69727d;color:#fff}.elementor-widget-text-editor.elementor-drop-cap-view-framed .elementor-drop-cap{color:#69727d;border:3px solid;background-color:transparent}.elementor-widget-text-editor:not(.elementor-drop-cap-view-default) .elementor-drop-cap{margin-top:8px}.elementor-widget-text-editor:not(.elementor-drop-cap-view-default) .elementor-drop-cap-letter{width:1em;height:1em}.elementor-widget-text-editor .elementor-drop-cap{float:left;text-align:center;line-height:1;font-size:50px}.elementor-widget-text-editor .elementor-drop-cap-letter{display:inline-block}<\/style>\t\t\t\t<h2><strong>Your Guide in Your Health: Aegean Health Care Guidance Services<\/strong><\/h2><p><strong><em>We are here to guide you every moment of your journey. As Aegean Health Care, we are at your side with our health and experience cooperation and Guidance Services. We guide you step by step to give you the best experience.<\/em><\/strong><\/p><p><strong><em>Uzman rehberlerimiz, sizin hedeflerinizi ve ihtiya\u00e7lar\u0131n\u0131z\u0131 anlayarak yolculu\u011funuzu en iyi \u015fekilde planl\u0131yor. Hangi destinasyonun size uygun oldu\u011fundan, nas\u0131l bir program izlemeniz gerekti\u011fine kadar her a\u015famada size destek oluyoruz.<\/em><\/strong><\/p><p><strong><em>Evaluate your trip in the most effective way with Aegean Health Care's Guidance Services. By offering you special experiences and suggestions, you will accumulate unforgettable memories as well as a journey full of health.<\/em><\/strong><\/p><p><strong><em>Every journey is special and every moment is precious. Color your memories by giving priority to your health and having the best experience, without any problems during your travel, thanks to the Guidance Services.<\/em><\/strong><\/p><p><strong><em>We are here to provide the best guiding experience for you. Make the most of every moment of your journey with Aegean Health Care Guidance Services, and get health and experience together.<\/em><\/strong><\/p>\t\t\t\t\t\t<\/div>\n\t\t\t\t<\/div>\n\t\t\t\t\t<\/div>\n\t\t<\/div>\n\t\t\t\t\t\t\t<\/div>\n\t\t<\/section>\n\t\t\t\t\t\t\t<\/div>","protected":false},"excerpt":{"rendered":"<p>Sa\u011fl\u0131\u011f\u0131n\u0131zda Rehberiniz: Aegean Health Care Rehberlik Hizmetleri Yolculu\u011funuzun her an\u0131nda size rehberlik etmek i\u00e7in buraday\u0131z. Aegean Health Care olarak, sa\u011fl\u0131k ve deneyim birlikteli\u011fimizle, Rehberlik Hizmetleri ile sizin yan\u0131n\u0131zday\u0131z. Size en iyi deneyimi sunabilmek i\u00e7in ad\u0131m ad\u0131m rehberlik ediyoruz. Uzman rehberlerimiz, sizin hedeflerinizi ve ihtiya\u00e7lar\u0131n\u0131z\u0131 anlayarak yolculu\u011funuzu en iyi \u015fekilde planl\u0131yor. Hangi destinasyonun size uygun oldu\u011fundan, [&hellip;]<\/p>","protected":false},"author":2,"featured_media":0,"parent":0,"menu_order":0,"comment_status":"closed","ping_status":"closed","template":"","meta":{"footnotes":""},"_links":{"self":[{"href":"https:\/\/aegeanhealthcare.com.tr\/en\/wp-json\/wp\/v2\/pages\/536"}],"collection":[{"href":"https:\/\/aegeanhealthcare.com.tr\/en\/wp-json\/wp\/v2\/pages"}],"about":[{"href":"https:\/\/aegeanhealthcare.com.tr\/en\/wp-json\/wp\/v2\/types\/page"}],"author":[{"embeddable":true,"href":"https:\/\/aegeanhealthcare.com.tr\/en\/wp-json\/wp\/v2\/users\/2"}],"replies":[{"embeddable":true,"href":"https:\/\/aegeanhealthcare.com.tr\/en\/wp-json\/wp\/v2\/comments?post=536"}],"version-history":[{"count":4,"href":"https:\/\/aegeanhealthcare.com.tr\/en\/wp-json\/wp\/v2\/pages\/536\/revisions"}],"predecessor-version":[{"id":542,"href":"https:\/\/aegeanhealthcare.com.tr\/en\/wp-json\/wp\/v2\/pages\/536\/revisions\/542"}],"wp:attachment":[{"href":"https:\/\/aegeanhealthcare.com.tr\/en\/wp-json\/wp\/v2\/media?parent=536"}],"curies":[{"name":"wp","href":"https:\/\/api.w.org\/{rel}","templated":true}]}}