{"id":524,"date":"2023-08-22T12:01:07","date_gmt":"2023-08-22T09:01:07","guid":{"rendered":"http:\/\/aegeanhealthcare.com.tr\/?page_id=524"},"modified":"2023-08-22T12:02:28","modified_gmt":"2023-08-22T09:02:28","slug":"konaklama","status":"publish","type":"page","link":"https:\/\/aegeanhealthcare.com.tr\/en\/konaklama\/","title":{"rendered":"Accomodation"},"content":{"rendered":"<div data-elementor-type=\"wp-page\" data-elementor-id=\"524\" class=\"elementor elementor-524\" data-elementor-post-type=\"page\">\n\t\t\t\t\t\t\t\t\t<section class=\"elementor-section elementor-top-section elementor-element elementor-element-dc6fde8 elementor-section-boxed elementor-section-height-default elementor-section-height-default\" data-id=\"dc6fde8\" data-element_type=\"section\">\n\t\t\t\t\t\t<div class=\"elementor-container elementor-column-gap-default\">\n\t\t\t\t\t<div class=\"elementor-column elementor-col-100 elementor-top-column elementor-element elementor-element-ef21105\" data-id=\"ef21105\" data-element_type=\"column\">\n\t\t\t<div class=\"elementor-widget-wrap elementor-element-populated\">\n\t\t\t\t\t\t\t\t<div class=\"elementor-element elementor-element-850024b elementor-widget elementor-widget-text-editor\" data-id=\"850024b\" data-element_type=\"widget\" data-widget_type=\"text-editor.default\">\n\t\t\t\t<div class=\"elementor-widget-container\">\n\t\t\t<style>\/*! elementor - v3.15.0 - 09-08-2023 *\/\n.elementor-widget-text-editor.elementor-drop-cap-view-stacked .elementor-drop-cap{background-color:#69727d;color:#fff}.elementor-widget-text-editor.elementor-drop-cap-view-framed .elementor-drop-cap{color:#69727d;border:3px solid;background-color:transparent}.elementor-widget-text-editor:not(.elementor-drop-cap-view-default) .elementor-drop-cap{margin-top:8px}.elementor-widget-text-editor:not(.elementor-drop-cap-view-default) .elementor-drop-cap-letter{width:1em;height:1em}.elementor-widget-text-editor .elementor-drop-cap{float:left;text-align:center;line-height:1;font-size:50px}.elementor-widget-text-editor .elementor-drop-cap-letter{display:inline-block}<\/style>\t\t\t\t<h2><strong>Your Comfort is Our Business: Aegean Health Care Accommodation Services<\/strong><\/h2><p><strong><em>When health and comfort come together, unforgettable moments are born. As Aegean Health Care, we make you feel the importance we attach to your health in accommodation experiences. With the accommodation page, we welcome you by offering the best options that make your trip special.<\/em><\/strong><\/p><p><strong><em>In order to protect your health and not to compromise on your comfort, the accommodation places we choose are carefully selected. You just come to relax and explore, leave the rest to us. We provide you with an unforgettable comfort experience with accommodation alternatives that are both suitable for our health values \u200b\u200band appealing to your needs.<\/em><\/strong><\/p><p><strong><em>Aegean Health Care's Accommodation Services offers you tailor-made solutions. Whether you want to stay in a luxury hotel or desire a holiday in touch with nature; Our expert team determines the most suitable accommodation options for your travel plans.<\/em><\/strong><\/p><p><strong><em>We are here to make your dream vacation come true. On our accommodation page, you can find the details of the places carefully selected for you. While having an experience full of health, you can also enjoy the comfort.<\/em><\/strong><\/p><p><strong><em>Trust us to make your trip more memorable. We design the best holiday experience for you by combining health and comfort with Aegean Health Care Accommodation Services.<\/em><\/strong><\/p>\t\t\t\t\t\t<\/div>\n\t\t\t\t<\/div>\n\t\t\t\t\t<\/div>\n\t\t<\/div>\n\t\t\t\t\t\t\t<\/div>\n\t\t<\/section>\n\t\t\t\t\t\t\t<\/div>","protected":false},"excerpt":{"rendered":"<p>Rahat\u0131n\u0131z Bizim \u0130\u015fimiz: Aegean Health Care Konaklama Hizmetleri Sa\u011fl\u0131k ve konfor bir araya geldi\u011finde, unutulmaz anlar do\u011far. Aegean Health Care olarak, sa\u011fl\u0131\u011f\u0131n\u0131za verdi\u011fimiz \u00f6nemi konaklama deneyimlerinde de hissettiriyoruz. Konaklama sayfas\u0131yla, seyahatinizi \u00f6zel k\u0131lan en iyi se\u00e7enekleri sunarak sizi a\u011f\u0131rl\u0131yoruz. Sa\u011fl\u0131\u011f\u0131n\u0131z\u0131 korumak ve konforunuzdan \u00f6d\u00fcn vermemek amac\u0131yla se\u00e7ti\u011fimiz konaklama yerleri \u00f6zenle se\u00e7ilir. Siz sadece dinlenmek ve [&hellip;]<\/p>","protected":false},"author":2,"featured_media":0,"parent":0,"menu_order":0,"comment_status":"closed","ping_status":"closed","template":"","meta":{"footnotes":""},"_links":{"self":[{"href":"https:\/\/aegeanhealthcare.com.tr\/en\/wp-json\/wp\/v2\/pages\/524"}],"collection":[{"href":"https:\/\/aegeanhealthcare.com.tr\/en\/wp-json\/wp\/v2\/pages"}],"about":[{"href":"https:\/\/aegeanhealthcare.com.tr\/en\/wp-json\/wp\/v2\/types\/page"}],"author":[{"embeddable":true,"href":"https:\/\/aegeanhealthcare.com.tr\/en\/wp-json\/wp\/v2\/users\/2"}],"replies":[{"embeddable":true,"href":"https:\/\/aegeanhealthcare.com.tr\/en\/wp-json\/wp\/v2\/comments?post=524"}],"version-history":[{"count":10,"href":"https:\/\/aegeanhealthcare.com.tr\/en\/wp-json\/wp\/v2\/pages\/524\/revisions"}],"predecessor-version":[{"id":534,"href":"https:\/\/aegeanhealthcare.com.tr\/en\/wp-json\/wp\/v2\/pages\/524\/revisions\/534"}],"wp:attachment":[{"href":"https:\/\/aegeanhealthcare.com.tr\/en\/wp-json\/wp\/v2\/media?parent=524"}],"curies":[{"name":"wp","href":"https:\/\/api.w.org\/{rel}","templated":true}]}}