{"id":519,"date":"2023-08-22T11:59:09","date_gmt":"2023-08-22T08:59:09","guid":{"rendered":"http:\/\/aegeanhealthcare.com.tr\/?page_id=519"},"modified":"2023-08-22T12:00:02","modified_gmt":"2023-08-22T09:00:02","slug":"vize-basvurusu-aracilik-hizmetleri","status":"publish","type":"page","link":"https:\/\/aegeanhealthcare.com.tr\/en\/vize-basvurusu-aracilik-hizmetleri\/","title":{"rendered":"Visa Application Brokerage Services"},"content":{"rendered":"<div data-elementor-type=\"wp-page\" data-elementor-id=\"519\" class=\"elementor elementor-519\" data-elementor-post-type=\"page\">\n\t\t\t\t\t\t\t\t\t<section class=\"elementor-section elementor-top-section elementor-element elementor-element-a57fd41 elementor-section-boxed elementor-section-height-default elementor-section-height-default\" data-id=\"a57fd41\" data-element_type=\"section\">\n\t\t\t\t\t\t<div class=\"elementor-container elementor-column-gap-default\">\n\t\t\t\t\t<div class=\"elementor-column elementor-col-100 elementor-top-column elementor-element elementor-element-c6ff06c\" data-id=\"c6ff06c\" data-element_type=\"column\">\n\t\t\t<div class=\"elementor-widget-wrap elementor-element-populated\">\n\t\t\t\t\t\t\t\t<div class=\"elementor-element elementor-element-c0b7085 elementor-widget elementor-widget-text-editor\" data-id=\"c0b7085\" data-element_type=\"widget\" data-widget_type=\"text-editor.default\">\n\t\t\t\t<div class=\"elementor-widget-container\">\n\t\t\t<style>\/*! elementor - v3.15.0 - 09-08-2023 *\/\n.elementor-widget-text-editor.elementor-drop-cap-view-stacked .elementor-drop-cap{background-color:#69727d;color:#fff}.elementor-widget-text-editor.elementor-drop-cap-view-framed .elementor-drop-cap{color:#69727d;border:3px solid;background-color:transparent}.elementor-widget-text-editor:not(.elementor-drop-cap-view-default) .elementor-drop-cap{margin-top:8px}.elementor-widget-text-editor:not(.elementor-drop-cap-view-default) .elementor-drop-cap-letter{width:1em;height:1em}.elementor-widget-text-editor .elementor-drop-cap{float:left;text-align:center;line-height:1;font-size:50px}.elementor-widget-text-editor .elementor-drop-cap-letter{display:inline-block}<\/style>\t\t\t\t<h2><strong>Hand in Hand for Your Dream Health and Travel Experience: Aegean Health Care Visa Application Brokerage Services<\/strong><\/h2><p><strong><em>Health and travel can be one of life's most precious memories. As Aegean Health Care, we are with you not only in the field of health, but also in your travel plans. With Visa Application Brokerage Services, we support you in making your dream travel by adhering to our health and safety values.<\/em><\/strong><\/p><p><strong><em>Visa application processes can often be complex and time-consuming. At this point, our experienced and expert team comes into play. You just enjoy your dream trip, leave the rest to us. We guide you through all stages of your visa application. We help you with everything from what documents are required to tracking the status of your application.<\/em><\/strong><\/p><p><strong><em>Aegean Health Care's Visa Application Brokerage Services offer personalized solutions. Tell us about your travel plans and our experts will draw up a special roadmap for you. With a complete and regular application process equipped with up-to-date and accurate information, we enable you to step into your target destination.<\/em><\/strong><\/p><p><strong><em>Our sensitivity to health and safety also applies to visa applications. The health of you and your loved ones comes first. As Aegean Health Care, we prioritize your health and travel experience with Visa Application Brokerage Services.<\/em><\/strong><\/p><p><strong><em>Trust us for your dream wellness and travel experience. Enjoy an easier, faster and more reliable visa process with Aegean Health Care's Visa Application Brokerage Services, and enjoy stepping into the destination of your dreams.<\/em><\/strong><\/p>\t\t\t\t\t\t<\/div>\n\t\t\t\t<\/div>\n\t\t\t\t\t<\/div>\n\t\t<\/div>\n\t\t\t\t\t\t\t<\/div>\n\t\t<\/section>\n\t\t\t\t\t\t\t<\/div>","protected":false},"excerpt":{"rendered":"<p>Hayalinizdeki Sa\u011fl\u0131k ve Seyahat Deneyimi \u0130\u00e7in El Ele: Aegean Health Care Vize Ba\u015fvurusu Arac\u0131l\u0131k Hizmetleri Sa\u011fl\u0131k ve seyahat, ya\u015fam\u0131n en de\u011ferli an\u0131lar\u0131ndan biri olabilir. Aegean Health Care olarak, sadece sa\u011fl\u0131k alan\u0131nda de\u011fil, ayn\u0131 zamanda seyahat planlar\u0131n\u0131zda da sizin yan\u0131n\u0131zday\u0131z. Vize Ba\u015fvurusu Arac\u0131l\u0131k Hizmetleri ile, sa\u011fl\u0131k ve g\u00fcvenlik de\u011ferlerimize ba\u011fl\u0131 kalarak hayalinizdeki seyahati ger\u00e7ekle\u015ftirmenizi destekliyoruz. Vize [&hellip;]<\/p>","protected":false},"author":2,"featured_media":0,"parent":0,"menu_order":0,"comment_status":"closed","ping_status":"closed","template":"","meta":{"footnotes":""},"_links":{"self":[{"href":"https:\/\/aegeanhealthcare.com.tr\/en\/wp-json\/wp\/v2\/pages\/519"}],"collection":[{"href":"https:\/\/aegeanhealthcare.com.tr\/en\/wp-json\/wp\/v2\/pages"}],"about":[{"href":"https:\/\/aegeanhealthcare.com.tr\/en\/wp-json\/wp\/v2\/types\/page"}],"author":[{"embeddable":true,"href":"https:\/\/aegeanhealthcare.com.tr\/en\/wp-json\/wp\/v2\/users\/2"}],"replies":[{"embeddable":true,"href":"https:\/\/aegeanhealthcare.com.tr\/en\/wp-json\/wp\/v2\/comments?post=519"}],"version-history":[{"count":4,"href":"https:\/\/aegeanhealthcare.com.tr\/en\/wp-json\/wp\/v2\/pages\/519\/revisions"}],"predecessor-version":[{"id":523,"href":"https:\/\/aegeanhealthcare.com.tr\/en\/wp-json\/wp\/v2\/pages\/519\/revisions\/523"}],"wp:attachment":[{"href":"https:\/\/aegeanhealthcare.com.tr\/en\/wp-json\/wp\/v2\/media?parent=519"}],"curies":[{"name":"wp","href":"https:\/\/api.w.org\/{rel}","templated":true}]}}