{"id":508,"date":"2023-08-22T11:52:34","date_gmt":"2023-08-22T08:52:34","guid":{"rendered":"http:\/\/aegeanhealthcare.com.tr\/?page_id=508"},"modified":"2023-08-22T11:56:11","modified_gmt":"2023-08-22T08:56:11","slug":"havalimani-transferi","status":"publish","type":"page","link":"https:\/\/aegeanhealthcare.com.tr\/en\/havalimani-transferi\/","title":{"rendered":"Airport Transfer"},"content":{"rendered":"<div data-elementor-type=\"wp-page\" data-elementor-id=\"508\" class=\"elementor elementor-508\" data-elementor-post-type=\"page\">\n\t\t\t\t\t\t\t\t\t<section class=\"elementor-section elementor-top-section elementor-element elementor-element-88711ff elementor-section-boxed elementor-section-height-default elementor-section-height-default\" data-id=\"88711ff\" data-element_type=\"section\">\n\t\t\t\t\t\t<div class=\"elementor-container elementor-column-gap-default\">\n\t\t\t\t\t<div class=\"elementor-column elementor-col-100 elementor-top-column elementor-element elementor-element-cb8fcf4\" data-id=\"cb8fcf4\" data-element_type=\"column\">\n\t\t\t<div class=\"elementor-widget-wrap elementor-element-populated\">\n\t\t\t\t\t\t\t\t<div class=\"elementor-element elementor-element-5dd8bbf elementor-widget elementor-widget-text-editor\" data-id=\"5dd8bbf\" data-element_type=\"widget\" data-widget_type=\"text-editor.default\">\n\t\t\t\t<div class=\"elementor-widget-container\">\n\t\t\t<style>\/*! elementor - v3.15.0 - 09-08-2023 *\/\n.elementor-widget-text-editor.elementor-drop-cap-view-stacked .elementor-drop-cap{background-color:#69727d;color:#fff}.elementor-widget-text-editor.elementor-drop-cap-view-framed .elementor-drop-cap{color:#69727d;border:3px solid;background-color:transparent}.elementor-widget-text-editor:not(.elementor-drop-cap-view-default) .elementor-drop-cap{margin-top:8px}.elementor-widget-text-editor:not(.elementor-drop-cap-view-default) .elementor-drop-cap-letter{width:1em;height:1em}.elementor-widget-text-editor .elementor-drop-cap{float:left;text-align:center;line-height:1;font-size:50px}.elementor-widget-text-editor .elementor-drop-cap-letter{display:inline-block}<\/style>\t\t\t\t<h2><strong>Embrace Health: Take a Comfortable Journey with Aegean Health Care Airport Transfer<\/strong><\/h2><p><strong>As the Aegean Health Care family, we are happy to offer you unique experiences beyond health and well-being. In addition to every moment you spend with health, we are also with you on your travels. For a journey full of health, we carry you to your destination in the most comfortable and special way. In our Airport Transfer service, we combine comfort and safety in accordance with our health values. We offer not only a transfer but also a relaxation experience with our expert drivers and modern and comfortable vehicles. Are you ready to relieve the tiredness of your travel? While you focus on your treatment, we consider every detail for you. Your travel meets health with Aegean Health Care's attentive and personalized airport transfer service.<\/strong><\/p><p><em><strong>Our expert drivers are with you for a safe and enjoyable journey. Every moment you spend in our modern and luxury vehicles is designed for you to enjoy comfort and quality. You just sit back and we'll think about the rest. This journey, where every detail is carefully planned, is not only a transfer, but also a healthy escape. Our Airport Transfer service offers more than just a journey for you. We bring you together with an experience that takes you away from fatigue and relieves stress. With this service, where health and comfort embrace, you will both enjoy reaching your goal and feel that every moment is special. Now experience Aegean Health Care's untouched comfort and care during your travels. For a journey full of health, we are waiting for you by considering every detail. Meet our Airport Transfer service, enjoy a journey that embraces health<\/strong>.<\/em><\/p><p>\u00a0<\/p>\t\t\t\t\t\t<\/div>\n\t\t\t\t<\/div>\n\t\t\t\t\t<\/div>\n\t\t<\/div>\n\t\t\t\t\t\t\t<\/div>\n\t\t<\/section>\n\t\t\t\t\t\t\t<\/div>","protected":false},"excerpt":{"rendered":"<p>Sa\u011fl\u0131kla Kucakla\u015f\u0131n: Aegean Health Care Havaliman\u0131 Transferi ile Konforlu Yolculu\u011fa Ad\u0131m At\u0131n Aegean Health Care ailesi olarak, sa\u011fl\u0131k ve refah\u0131n \u00f6tesinde sizlere benzersiz deneyimler sunmaktan mutluluk duyuyoruz. Sa\u011fl\u0131kla ge\u00e7irdi\u011finiz her an\u0131n yan\u0131 s\u0131ra, seyahatlerinizde de yan\u0131n\u0131zday\u0131z. Sa\u011fl\u0131kla dolu bir yolculuk i\u00e7in sizleri en rahat ve \u00f6zel \u015fekilde hedefinize ta\u015f\u0131yoruz. Havaliman\u0131 Transferi hizmetimizde, sa\u011fl\u0131k de\u011ferlerimize uygun [&hellip;]<\/p>","protected":false},"author":2,"featured_media":0,"parent":0,"menu_order":0,"comment_status":"closed","ping_status":"closed","template":"","meta":{"footnotes":""},"_links":{"self":[{"href":"https:\/\/aegeanhealthcare.com.tr\/en\/wp-json\/wp\/v2\/pages\/508"}],"collection":[{"href":"https:\/\/aegeanhealthcare.com.tr\/en\/wp-json\/wp\/v2\/pages"}],"about":[{"href":"https:\/\/aegeanhealthcare.com.tr\/en\/wp-json\/wp\/v2\/types\/page"}],"author":[{"embeddable":true,"href":"https:\/\/aegeanhealthcare.com.tr\/en\/wp-json\/wp\/v2\/users\/2"}],"replies":[{"embeddable":true,"href":"https:\/\/aegeanhealthcare.com.tr\/en\/wp-json\/wp\/v2\/comments?post=508"}],"version-history":[{"count":10,"href":"https:\/\/aegeanhealthcare.com.tr\/en\/wp-json\/wp\/v2\/pages\/508\/revisions"}],"predecessor-version":[{"id":518,"href":"https:\/\/aegeanhealthcare.com.tr\/en\/wp-json\/wp\/v2\/pages\/508\/revisions\/518"}],"wp:attachment":[{"href":"https:\/\/aegeanhealthcare.com.tr\/en\/wp-json\/wp\/v2\/media?parent=508"}],"curies":[{"name":"wp","href":"https:\/\/api.w.org\/{rel}","templated":true}]}}