{"id":592,"date":"2023-08-22T12:55:50","date_gmt":"2023-08-22T09:55:50","guid":{"rendered":"http:\/\/aegeanhealthcare.com.tr\/?page_id=592"},"modified":"2023-08-22T12:57:25","modified_gmt":"2023-08-22T09:57:25","slug":"aydinlatma-metni","status":"publish","type":"page","link":"https:\/\/aegeanhealthcare.com.tr\/de\/aydinlatma-metni\/","title":{"rendered":"Beleuchtungstext"},"content":{"rendered":"<div data-elementor-type=\"wp-page\" data-elementor-id=\"592\" class=\"elementor elementor-592\" data-elementor-post-type=\"page\">\n\t\t\t\t\t\t\t\t\t<section class=\"elementor-section elementor-top-section elementor-element elementor-element-485edc4 elementor-section-boxed elementor-section-height-default elementor-section-height-default\" data-id=\"485edc4\" data-element_type=\"section\">\n\t\t\t\t\t\t<div class=\"elementor-container elementor-column-gap-default\">\n\t\t\t\t\t<div class=\"elementor-column elementor-col-100 elementor-top-column elementor-element elementor-element-5066f1c\" data-id=\"5066f1c\" data-element_type=\"column\">\n\t\t\t<div class=\"elementor-widget-wrap elementor-element-populated\">\n\t\t\t\t\t\t\t\t<div class=\"elementor-element elementor-element-3188905 elementor-widget elementor-widget-text-editor\" data-id=\"3188905\" data-element_type=\"widget\" data-widget_type=\"text-editor.default\">\n\t\t\t\t<div class=\"elementor-widget-container\">\n\t\t\t<style>\/*! elementor - v3.15.0 - 09-08-2023 *\/\n.elementor-widget-text-editor.elementor-drop-cap-view-stacked .elementor-drop-cap{background-color:#69727d;color:#fff}.elementor-widget-text-editor.elementor-drop-cap-view-framed .elementor-drop-cap{color:#69727d;border:3px solid;background-color:transparent}.elementor-widget-text-editor:not(.elementor-drop-cap-view-default) .elementor-drop-cap{margin-top:8px}.elementor-widget-text-editor:not(.elementor-drop-cap-view-default) .elementor-drop-cap-letter{width:1em;height:1em}.elementor-widget-text-editor .elementor-drop-cap{float:left;text-align:center;line-height:1;font-size:50px}.elementor-widget-text-editor .elementor-drop-cap-letter{display:inline-block}<\/style>\t\t\t\t<p><strong>K\u0130\u015e\u0130SEL VER\u0130LER\u0130N\u0130N \u0130\u015eLENMES\u0130NE \u0130L\u0130\u015eK\u0130N AYDINLATMA METN\u0130<\/strong><\/p><p><br \/><strong>1. Ki\u015fisel veri nedir, kim i\u015fler?<\/strong><br \/><br \/>6698 say\u0131l\u0131 Ki\u015fisel Verilerin Korunmas\u0131 Kanununun 3. maddesi uyar\u0131nca ki\u015fisel veri, kimli\u011fi belirli veya belirlenebilir ger\u00e7ek ki\u015fiye ili\u015fkin her t\u00fcrl\u00fc bilgiyi ifade eder. Ege Turizmcilik Sa\u011fl\u0131k Yat\u0131r\u0131m Hizmetleri Ltd. \u015eti., 6698 say\u0131l\u0131 Ki\u015fisel Verilerin Korunmas\u0131 Kanunu uyar\u0131nca \u201cveri sorumlusu\u201d s\u0131fat\u0131yla ki\u015fisel verilerinizi kanuna uygun olarak kaydedecek, saklayacak, g\u00fcncelleyecek, i\u015fleyecek ve \u00fc\u00e7\u00fcnc\u00fc ki\u015filere a\u00e7\u0131klayabilecek ve aktarabilecektir.<\/p><p><br \/><strong>2. Ki\u015fisel verileriniz hangi ama\u00e7 ile i\u015flenebilir?<\/strong><br \/><br \/>Toplanan ki\u015fisel verileriniz KVK Kanunu\u2019nun \u2010\u0130lgilinin a\u00e7\u0131k r\u0131zas\u0131 (m.5\/1)<br \/>\u2010Veri sorumlusunun hukuki y\u00fck\u00fcml\u00fcl\u00fc\u011f\u00fcn\u00fc yerine getirebilmesi i\u00e7in zorunlu olmas\u0131(m.5\/2.\u00e7)<\/p><p>Ki\u015fisel veri i\u015fleme \u015fartlar\u0131 dahilinde \u015firketimizde kullan\u0131lan bilgisayar vb. cihazlardan sistem \u00fczerinden log kay\u0131tlar\u0131n\u0131n tutulmas\u0131 ile elde edilen verilerin toplan\u0131\u011f\u0131 ve verilere yasal taleplere cevap verebilmek, i\u015fyeri kurallar\u0131na uyumu denetlemek ve teknik destek vermek amac\u0131yla i\u015flenebilecektir.<\/p><p><br \/><strong>3. \u0130\u015flenen ki\u015fisel verileriniz kimlere ve hangi ama\u00e7la aktar\u0131labilir?<\/strong><br \/><br \/>Toplanan ki\u015fisel verileriniz; Toplanan ki\u015fisel verileriniz, kullan\u0131lan bilgisayar vb. cihazlardan sistem \u00fczerinden log kay\u0131tlar\u0131n\u0131n tutulmas\u0131 ile elde edilen verilerin toplan\u0131\u011f\u0131 ve verilere yasal taleplere cevap verebilmek, i\u015fyeri kurallar\u0131na uyumu denetlemek ve teknik destek vermek amac\u0131yla; i\u015ftirak \u015eirketleriyle, i\u015f ortaklar\u0131m\u0131zla, tedarik\u00e7ilerimizle, \u015eirket yetkilileriyle, kanunen yetkili kamu kurumlar\u0131 ve \u00f6zel ki\u015filerle, KVK Kanunu\u2019nun 8. ve 9. Maddeleri uyar\u0131nca aktar\u0131labilecektir.<\/p><p><br \/><strong>4. Ki\u015fisel verilerinizi hangi hukuki sebeple ve hangi y\u00f6ntemle topluyoruz?<\/strong><br \/><br \/>Ki\u015fisel verileriniz \u015eirketimiz taraf\u0131ndan bu Ayd\u0131nlatma 2. maddesinde belirtilen hukuki sebeplerle, internet sitesi \u00fczerinde bulunan formlar, telefon, e\u2010posta, yaz\u0131\u015fma ve benzeri ortamlarda s\u00f6zl\u00fc veya yaz\u0131l\u0131 olarak toplanmaktad\u0131r. Toplanan ki\u015fisel verileriniz KVK Kanunu\u2019na uygun olarak ve bu Ayd\u0131nlatma Metni\u2019nin 2. ve 3. maddelerinde belirtilen ama\u00e7larla da i\u015flenebilmekte ve aktar\u0131labilmektedir.<\/p><p><br \/><strong>5. 6698 say\u0131l\u0131 Ki\u015fisel Verilerin Korunmas\u0131 Kanunu uyar\u0131nca haklar\u0131n\u0131z nelerdir?<\/strong><br \/><br \/>6698 say\u0131l\u0131 Kanun\u2019un 11. Maddesi uyar\u0131nca, ki\u015fisel verilerinizin silinip silinmedi\u011fini \u00f6\u011frenme, i\u015flenmi\u015f ise buna ili\u015fkin bilgi talep etme, i\u015fleme amac\u0131n\u0131 \u00f6\u011frenme ve bu amaca uygun kullan\u0131l\u0131p kullan\u0131lmad\u0131\u011f\u0131n\u0131 \u00f6\u011frenme, ki\u015fisel verilerinizin aktar\u0131ld\u0131\u011f\u0131 ki\u015fileri bilme, ki\u015fisel verilerinizin eksik veya yanl\u0131\u015f i\u015flenmi\u015f olmas\u0131 halinde d\u00fczeltilmesini, Kanun\u2019da d\u00fczenlenen hallerde ki\u015fisel verilerinizin silinmesini veya yok edilmesini ve bu iki durumun verilerinizin payla\u015f\u0131ld\u0131\u011f\u0131 ki\u015filere bildirilmesini isteme, verilerinizin m\u00fcnhas\u0131ran otomatik bir sistem vas\u0131tas\u0131 ile i\u015flenmesi suretiyle aleyhinize bir sonu\u00e7 \u00e7\u0131kmas\u0131 halinde itiraz etme ve kanuna ayk\u0131r\u0131 olarak verilerinizin i\u015flenmesi halinde zararlar\u0131n\u0131z\u0131n giderilmesini isteme hakk\u0131na sahipsiniz.<\/p><p><br \/><strong>8. Veri sorumlusuna nas\u0131l ba\u015fvuracaks\u0131n\u0131z?<\/strong><\/p><p><br \/>Yukar\u0131da say\u0131lan haklar\u0131n\u0131z\u0131, yaz\u0131l\u0131 olarak \u0131slak imzal\u0131 \u015fekilde veya kay\u0131tl\u0131 elektronik posta (KEP) adresi, g\u00fcvenli elektronik imza, mobil imza ya da ilgili ki\u015fi taraf\u0131ndan \u015eirketimize daha \u00f6nce bildirilen ve \u015eirketimiz sisteminde kay\u0131tl\u0131 bulunan elektronik posta adresini kullanmak suretiyle \u015eirketimize iletebilirsiniz. Yaz\u0131l\u0131 olarak yap\u0131lacak ba\u015fvurular i\u00e7in adres Yanc\u0131k\u00e7\u0131 \u015eahin, Talat Pa\u015fa Cd. No: 110\/04 Merkez\/Edirne adresidir. Ba\u015fvurunuzu internet sitemizde yer alan Ba\u015fvuru Formu ile ger\u00e7ekle\u015ftirebilirsiniz. Ki\u015fisel veri sahibinin kendisi d\u0131\u015f\u0131nda bir ki\u015finin talepte bulunmas\u0131 i\u00e7in konuya ili\u015fkin olarak ki\u015fisel veri sahibi taraf\u0131ndan ba\u015fvuruda bulunacak ki\u015fi ad\u0131na d\u00fczenlenmi\u015f \u00f6zel vek\u00e2letname bulunmal\u0131d\u0131r. \u015eirketimize iletilen usul\u00fcne uygun talepler en ge\u00e7 otuz g\u00fcn i\u00e7inde \u00fccretsiz olarak sonu\u00e7land\u0131r\u0131lacakt\u0131r. Cevab\u0131n on sayfadan fazla olmas\u0131 halinde, on sayfan\u0131n \u00fczerindeki her sayfa i\u00e7in 1 T\u00fcrk Liras\u0131 i\u015flem \u00fccreti al\u0131nabilir. Ba\u015fvuruya cevab\u0131n CD, flash bellek gibi bir kay\u0131t ortam\u0131nda verilmesi halinde ise veri kay\u0131t ortam\u0131n\u0131n maliyeti talep edilebilir. \u015eirket, ba\u015fvuruda bulunan ki\u015finin ki\u015fisel veri sahibi olup olmad\u0131\u011f\u0131n\u0131 tespit etmek ve talepleri de\u011ferlendirmek i\u00e7in gerekli g\u00f6rmesi halinde ek bilgi talep edebilir ve ba\u015fvuruda belirtilen hususlar\u0131 netle\u015ftirmek ad\u0131na, ki\u015fisel veri sahibine ba\u015fvurusu ile ilgili soru y\u00f6neltebilir.<\/p><p><br \/><strong>Ad\u0131 ve Soyad\u0131\u00a0 \u00a0 \u00a0 \u00a0 \u00a0 \u00a0 \u00a0 \u00a0\u0130mzas\u0131\u00a0 \u00a0 \u00a0 \u00a0 \u00a0 \u00a0 \u00a0 \u00a0 Tarih<\/strong><\/p>\t\t\t\t\t\t<\/div>\n\t\t\t\t<\/div>\n\t\t\t\t\t<\/div>\n\t\t<\/div>\n\t\t\t\t\t\t\t<\/div>\n\t\t<\/section>\n\t\t\t\t\t\t\t<\/div>","protected":false},"excerpt":{"rendered":"<p>K\u0130\u015e\u0130SEL VER\u0130LER\u0130N\u0130N \u0130\u015eLENMES\u0130NE \u0130L\u0130\u015eK\u0130N AYDINLATMA METN\u0130 1. Ki\u015fisel veri nedir, kim i\u015fler? 6698 say\u0131l\u0131 Ki\u015fisel Verilerin Korunmas\u0131 Kanununun 3. maddesi uyar\u0131nca ki\u015fisel veri, kimli\u011fi belirli veya belirlenebilir ger\u00e7ek ki\u015fiye ili\u015fkin her t\u00fcrl\u00fc bilgiyi ifade eder. Ege Turizmcilik Sa\u011fl\u0131k Yat\u0131r\u0131m Hizmetleri Ltd. \u015eti., 6698 say\u0131l\u0131 Ki\u015fisel Verilerin Korunmas\u0131 Kanunu uyar\u0131nca \u201cveri sorumlusu\u201d s\u0131fat\u0131yla ki\u015fisel verilerinizi kanuna [&hellip;]<\/p>","protected":false},"author":1,"featured_media":0,"parent":0,"menu_order":0,"comment_status":"closed","ping_status":"closed","template":"","meta":{"footnotes":""},"_links":{"self":[{"href":"https:\/\/aegeanhealthcare.com.tr\/de\/wp-json\/wp\/v2\/pages\/592"}],"collection":[{"href":"https:\/\/aegeanhealthcare.com.tr\/de\/wp-json\/wp\/v2\/pages"}],"about":[{"href":"https:\/\/aegeanhealthcare.com.tr\/de\/wp-json\/wp\/v2\/types\/page"}],"author":[{"embeddable":true,"href":"https:\/\/aegeanhealthcare.com.tr\/de\/wp-json\/wp\/v2\/users\/1"}],"replies":[{"embeddable":true,"href":"https:\/\/aegeanhealthcare.com.tr\/de\/wp-json\/wp\/v2\/comments?post=592"}],"version-history":[{"count":4,"href":"https:\/\/aegeanhealthcare.com.tr\/de\/wp-json\/wp\/v2\/pages\/592\/revisions"}],"predecessor-version":[{"id":596,"href":"https:\/\/aegeanhealthcare.com.tr\/de\/wp-json\/wp\/v2\/pages\/592\/revisions\/596"}],"wp:attachment":[{"href":"https:\/\/aegeanhealthcare.com.tr\/de\/wp-json\/wp\/v2\/media?parent=592"}],"curies":[{"name":"wp","href":"https:\/\/api.w.org\/{rel}","templated":true}]}}