{"id":583,"date":"2023-08-22T12:52:59","date_gmt":"2023-08-22T09:52:59","guid":{"rendered":"http:\/\/aegeanhealthcare.com.tr\/?page_id=583"},"modified":"2023-08-22T12:58:05","modified_gmt":"2023-08-22T09:58:05","slug":"kisisel-verilerin-korunmasi","status":"publish","type":"page","link":"https:\/\/aegeanhealthcare.com.tr\/de\/kisisel-verilerin-korunmasi\/","title":{"rendered":"Ki\u015fisel Verilerin Korunmas\u0131"},"content":{"rendered":"<div data-elementor-type=\"wp-page\" data-elementor-id=\"583\" class=\"elementor elementor-583\" data-elementor-post-type=\"page\">\n\t\t\t\t\t\t\t\t\t<section class=\"elementor-section elementor-top-section elementor-element elementor-element-d4ae596 elementor-section-boxed elementor-section-height-default elementor-section-height-default\" data-id=\"d4ae596\" data-element_type=\"section\">\n\t\t\t\t\t\t<div class=\"elementor-container elementor-column-gap-default\">\n\t\t\t\t\t<div class=\"elementor-column elementor-col-100 elementor-top-column elementor-element elementor-element-da5b6c9\" data-id=\"da5b6c9\" data-element_type=\"column\">\n\t\t\t<div class=\"elementor-widget-wrap elementor-element-populated\">\n\t\t\t\t\t\t\t\t<div class=\"elementor-element elementor-element-ee2ecfc elementor-widget elementor-widget-text-editor\" data-id=\"ee2ecfc\" data-element_type=\"widget\" data-widget_type=\"text-editor.default\">\n\t\t\t\t<div class=\"elementor-widget-container\">\n\t\t\t<style>\/*! elementor - v3.15.0 - 09-08-2023 *\/\n.elementor-widget-text-editor.elementor-drop-cap-view-stacked .elementor-drop-cap{background-color:#69727d;color:#fff}.elementor-widget-text-editor.elementor-drop-cap-view-framed .elementor-drop-cap{color:#69727d;border:3px solid;background-color:transparent}.elementor-widget-text-editor:not(.elementor-drop-cap-view-default) .elementor-drop-cap{margin-top:8px}.elementor-widget-text-editor:not(.elementor-drop-cap-view-default) .elementor-drop-cap-letter{width:1em;height:1em}.elementor-widget-text-editor .elementor-drop-cap{float:left;text-align:center;line-height:1;font-size:50px}.elementor-widget-text-editor .elementor-drop-cap-letter{display:inline-block}<\/style>\t\t\t\t<h2 class=\"altbaslik-h2\">KVKK Nedir?<\/h2><p>Ki\u015fisel Verilerin Korunmas\u0131 Kanunu (KVKK) 24.03.2016 \u2019da T\u00fcrkiye B\u00fcy\u00fck Millet Meclisi\u2019nde kabul edilmi\u015f ve 07.04.2016 tarihli ve 29677 say\u0131l\u0131 Resmi Gazete\u2019 de yay\u0131nlanarak y\u00fcr\u00fcrl\u00fc\u011fe girmi\u015ftir.<\/p><p>Kanun, ki\u015fisel verilerin gizlili\u011finin sa\u011flanmas\u0131, korunmas\u0131 ve izinsiz kullan\u0131m\u0131n\u0131n \u00f6n\u00fcne ge\u00e7ilmesi gibi temel ama\u00e7lar \u00e7er\u00e7evesinde t\u00fcm veri i\u015fleyen ki\u015fi ve kurumlar\u0131n uyumlulu\u011funu esas alm\u0131\u015ft\u0131r. \u015eirketimiz de, t\u00fcm kurulu\u015flar gibi bu Kanuna uymakla y\u00fck\u00fcml\u00fcd\u00fcr ve \u015eirketimizin t\u00fcm s\u00fcre\u00e7lerinde i\u015flenen ki\u015fisel veriler bu kapsamdad\u0131r.<\/p><hr \/><h2 class=\"altbaslik-h2\">Ki\u015fisel Veri Nedir?<\/h2><p>Ki\u015fiyi do\u011frudan veya dolayl\u0131 olarak belirlenebilir k\u0131lan t\u00fcm veriler veya veri k\u00fcmeleri ki\u015fisel veri olarak kabul edilir. \u0130sim, soy isim, do\u011fum yeri\/tarihi, telefon numaras\u0131, \u00f6zge\u00e7mi\u015f, foto\u011fraf, ses kayd\u0131 gibi direkt ki\u015fiye ait veya ki\u015fi ad\u0131na olu\u015fturulmu\u015f tan\u0131mlay\u0131c\u0131 bilgiler \u00f6rnek olarak verilebilir.<\/p><hr \/><h2 class=\"altbaslik-h2\">Veri \u0130\u015fleme Nedir?<\/h2><p>Ki\u015fisel veriler \u00fczerinde ger\u00e7ekle\u015ftirilen her t\u00fcrl\u00fc i\u015flem &#8220;veri i\u015fleme&#8221; olarak kabul edilmektedir. Dolay\u0131s\u0131yla, verilerin ar\u015fivlenmesi, saklanmas\u0131, de\u011fi\u015ftirilmesi, yeniden d\u00fczenlenmesi, a\u00e7\u0131klanmas\u0131, aktar\u0131lmas\u0131, analiz edilmesi ve s\u0131n\u0131fland\u0131r\u0131lmas\u0131 veri i\u015fleme kapsam\u0131na girer.<\/p><hr \/><h2 class=\"altbaslik-h2\">\u0130lgili Ki\u015fi \/ Veri Sahibi Kimdir?<\/h2><p>Kanunda s\u0131k\u00e7a ge\u00e7en ifadelerden biri &#8220;ilgili ki\u015fi&#8221; ya da &#8220;veri sahibi&#8221;dir. Ki\u015fisel verisi i\u015flenen ger\u00e7ek ki\u015fileri ifade eder.<\/p><hr \/><h2 class=\"altbaslik-h2\">Veri Sorumlusu Kimdir?<\/h2><p>Veri sorumlusu, ki\u015fisel verilerin i\u015fleme ama\u00e7lar\u0131n\u0131 ve y\u00f6ntemlerini belirleyen, veri kay\u0131t sisteminin kurulmas\u0131ndan ve y\u00f6netilmesinden sorumlu olan ger\u00e7ek veya t\u00fczel ki\u015fidir. Bu noktada \u015eirketimiz; m\u00fc\u015fterilerimiz, ziyaret\u00e7ilerimiz ve \u00e7al\u0131\u015fanlar\u0131m\u0131z\u0131n verileri bak\u0131m\u0131ndan Veri Sorumlusu olmaktad\u0131r.<\/p><hr \/><h2 class=\"altbaslik-h2\">Veri \u0130\u015fleyen Kimdir?<\/h2><p>Veri i\u015fleyen, veri sorumlusu ad\u0131na verileri i\u015fleyen ger\u00e7ek veya t\u00fczel ki\u015filerdir. Bu ki\u015filer, veri sorumlusunun ki\u015fisel veri i\u015flemek \u00fczere yetkilendirdi\u011fi ayr\u0131 bir ger\u00e7ek veya t\u00fczel ki\u015fi de olabilir.<\/p><hr \/><h2 class=\"altbaslik-h2\">Ki\u015fisel Veri Koruma ve \u0130mha Politikas\u0131<\/h2><p>Ki\u015filerin, \u00f6zel hayat\u0131n\u0131n gizlili\u011fini sa\u011flayabilmek i\u00e7in \u00fc\u00e7\u00fcnc\u00fc ki\u015filerin eline ge\u00e7mesinde sak\u0131nca bulunan verilerinin hukuken korunmas\u0131 i\u00e7in, 07.04.2016 tarihli ve 29677 say\u0131l\u0131 Resmi Gazete\u2019de yay\u0131nlanan 6698 say\u0131l\u0131 Ki\u015fisel Verilerin Korunmas\u0131 Kanunu (KVKK) y\u00fcr\u00fcrl\u00fc\u011fe girmi\u015ftir. \u015eirketimiz de t\u00fcm kurumlar gibi bu kanuna tabi olup, y\u00fcr\u00fct\u00fclen t\u00fcm i\u015f s\u00fcre\u00e7lerinde i\u015flenen t\u00fcm veriler bu kapsamda de\u011ferlendirilerek ki\u015fisel veri olarak kabul edilmekte ve yasa gere\u011fi koruma alt\u0131na al\u0131nmaktad\u0131r.<\/p><p>Trend Health Tourism, bu anlamda \u00fcstlendi\u011fi yasal y\u00fck\u00fcml\u00fcl\u00fcklerin eksiksiz olarak yerine getirilmesi i\u00e7in y\u00fcr\u00fcrl\u00fc\u011fe koydu\u011fu yaz\u0131l\u0131 politikalar\u0131n uygulanmas\u0131 i\u00e7in azami \u00f6zen g\u00f6stermekte ve gerekli t\u00fcm idari ve teknik tedbirleri almaktad\u0131r.<\/p><hr \/><h2 class=\"altbaslik-h2\">Ki\u015fisel Verilerin Korunmas\u0131 Kanunu Ba\u015fvuru Formu<\/h2><p>Ki\u015filerin, \u00f6zel hayat\u0131n\u0131n gizlili\u011fini sa\u011flayabilmek i\u00e7in \u00fc\u00e7\u00fcnc\u00fc ki\u015filerin eline ge\u00e7mesinde sak\u0131nca bulunan verilerinin hukuken korunmas\u0131 i\u00e7in, 07.04.2016 tarihli ve 29677 say\u0131l\u0131 Resmi Gazete\u2019de yay\u0131nlanan 6698 say\u0131l\u0131 Ki\u015fisel Verilerin Korunmas\u0131 Kanunu y\u00fcr\u00fcrl\u00fc\u011fe girmi\u015ftir. \u015eirketimiz de t\u00fcm kurumlar gibi bu kanuna tabi olup, y\u00fcr\u00fct\u00fclen t\u00fcm i\u015f s\u00fcre\u00e7lerinde i\u015flenen t\u00fcm veriler bu kapsamda de\u011ferlendirilerek ki\u015fisel veri olarak kabul edilmekte ve yasa gere\u011fi koruma alt\u0131na al\u0131nmaktad\u0131r.<\/p><p>KVKK uyar\u0131nca; veri sahiplerine baz\u0131 haklar tan\u0131nm\u0131\u015f olup, bu haklar\u0131n kullan\u0131labilmesi i\u00e7in yap\u0131lacak ba\u015fvurular\u0131n yaz\u0131l\u0131 olarak ve a\u015fa\u011f\u0131da belirtilen y\u00f6ntemlerle \u015firketimize iletilmesi gerekmektedir.<\/p><p>Bu \u00e7er\u00e7evede \u201cyaz\u0131l\u0131\u201d olarak \u015eirketimize yap\u0131lacak ba\u015fvurular\u0131n,\u00a0<a href=\"http:\/\/aegeanhealthcare.com.tr\/wp-content\/uploads\/kvk_basvuru-formu.pdf\" target=\"_blank\" rel=\"noopener\">i\u015fbu formun<\/a>\u00a0\u00e7\u0131kt\u0131s\u0131 al\u0131narak;<br \/>Ba\u015fvuru sahibi taraf\u0131ndan \u015fahsen, Noter kanal\u0131 ile, 5070 say\u0131l\u0131 Elektronik \u0130mza Kanunu ile tan\u0131mlanan \u201cg\u00fcvenli elektronik imza\u201d ile imzalanarak mail at\u0131lmas\u0131 yolu ile, KEP (Kay\u0131tl\u0131 Elektronik Posta) adresi arac\u0131l\u0131\u011f\u0131 ile, Mobil imza ile, \u015eirket kay\u0131tlar\u0131nda mevcut ve tan\u0131nan elektronik posta adresi arac\u0131l\u0131\u011f\u0131 ile \u015eirketimize ula\u015ft\u0131r\u0131lmas\u0131 gerekmektedir.<\/p><p><a href=\"http:\/\/aegeanhealthcare.com.tr\/wp-content\/uploads\/kvk_basvuru-formu.pdf\" target=\"_blank\" rel=\"noopener\">KVKK Ba\u015fvuru Formuna ula\u015fmak i\u00e7in t\u0131klay\u0131n.<\/a><\/p><hr \/><h2 class=\"altbaslik-h2\">Cookie-Richtlinie<\/h2><p>\u00c7erezler (Cookie) internet sitelerinin bilgisayar\u0131n\u0131za b\u0131rakt\u0131\u011f\u0131 tan\u0131mlama dosyalar\u0131d\u0131r. \u0130nternet sitelerinin sizi tan\u0131yarak size \u00f6zel hizmetler sunabilmesi i\u00e7in kullan\u0131l\u0131rlar. Ge\u00e7erlilik s\u00fcrelerine g\u00f6re iki \u00e7erez tipi bulunmaktad\u0131r. Ge\u00e7ici \u00e7erezler internet sitesini ziyaret etti\u011finiz esnada olu\u015fturulur ve internet sitesinde ge\u00e7irdi\u011finiz s\u00fcre boyunca aktif olurlar. Ge\u00e7ici \u00e7erezler internet sitesinden ayr\u0131ld\u0131\u011f\u0131n\u0131zda bilgisayar\u0131n\u0131zdan silinirler. Kal\u0131c\u0131 \u00e7erezler ise internet sitesini ziyaret etti\u011finizde olu\u015fturulur ve ge\u00e7erlilik s\u00fcresi bitene kadar bilgisayar\u0131n\u0131zda depolan\u0131rlar. Kal\u0131c\u0131 \u00e7erezler internet sitesini bir sonraki ziyaretinizde size \u00f6zel deneyim yaratabilmek i\u00e7in olu\u015fturulurlar.<\/p>\t\t\t\t\t\t<\/div>\n\t\t\t\t<\/div>\n\t\t\t\t<div class=\"elementor-element elementor-element-48f8055 elementor-widget elementor-widget-button\" data-id=\"48f8055\" data-element_type=\"widget\" data-widget_type=\"button.default\">\n\t\t\t\t<div class=\"elementor-widget-container\">\n\t\t\t\t\t<div class=\"elementor-button-wrapper\">\n\t\t\t<a class=\"elementor-button elementor-button-link elementor-size-sm\" href=\"https:\/\/aegeanhealthcare.com.tr\/de\/aydinlatma-metni\/\">\n\t\t\t\t\t\t<span class=\"elementor-button-content-wrapper\">\n\t\t\t\t\t\t<span class=\"elementor-button-text\">Beleuchtungstext<\/span>\n\t\t<\/span>\n\t\t\t\t\t<\/a>\n\t\t<\/div>\n\t\t\t\t<\/div>\n\t\t\t\t<\/div>\n\t\t\t\t\t<\/div>\n\t\t<\/div>\n\t\t\t\t\t\t\t<\/div>\n\t\t<\/section>\n\t\t\t\t\t\t\t<\/div>","protected":false},"excerpt":{"rendered":"<p>KVKK Nedir? Ki\u015fisel Verilerin Korunmas\u0131 Kanunu (KVKK) 24.03.2016 \u2019da T\u00fcrkiye B\u00fcy\u00fck Millet Meclisi\u2019nde kabul edilmi\u015f ve 07.04.2016 tarihli ve 29677 say\u0131l\u0131 Resmi Gazete\u2019 de yay\u0131nlanarak y\u00fcr\u00fcrl\u00fc\u011fe girmi\u015ftir. Kanun, ki\u015fisel verilerin gizlili\u011finin sa\u011flanmas\u0131, korunmas\u0131 ve izinsiz kullan\u0131m\u0131n\u0131n \u00f6n\u00fcne ge\u00e7ilmesi gibi temel ama\u00e7lar \u00e7er\u00e7evesinde t\u00fcm veri i\u015fleyen ki\u015fi ve kurumlar\u0131n uyumlulu\u011funu esas alm\u0131\u015ft\u0131r. \u015eirketimiz de, t\u00fcm kurulu\u015flar [&hellip;]<\/p>","protected":false},"author":1,"featured_media":0,"parent":0,"menu_order":0,"comment_status":"closed","ping_status":"closed","template":"","meta":{"footnotes":""},"_links":{"self":[{"href":"https:\/\/aegeanhealthcare.com.tr\/de\/wp-json\/wp\/v2\/pages\/583"}],"collection":[{"href":"https:\/\/aegeanhealthcare.com.tr\/de\/wp-json\/wp\/v2\/pages"}],"about":[{"href":"https:\/\/aegeanhealthcare.com.tr\/de\/wp-json\/wp\/v2\/types\/page"}],"author":[{"embeddable":true,"href":"https:\/\/aegeanhealthcare.com.tr\/de\/wp-json\/wp\/v2\/users\/1"}],"replies":[{"embeddable":true,"href":"https:\/\/aegeanhealthcare.com.tr\/de\/wp-json\/wp\/v2\/comments?post=583"}],"version-history":[{"count":10,"href":"https:\/\/aegeanhealthcare.com.tr\/de\/wp-json\/wp\/v2\/pages\/583\/revisions"}],"predecessor-version":[{"id":599,"href":"https:\/\/aegeanhealthcare.com.tr\/de\/wp-json\/wp\/v2\/pages\/583\/revisions\/599"}],"wp:attachment":[{"href":"https:\/\/aegeanhealthcare.com.tr\/de\/wp-json\/wp\/v2\/media?parent=583"}],"curies":[{"name":"wp","href":"https:\/\/api.w.org\/{rel}","templated":true}]}}