{"id":524,"date":"2023-08-22T12:01:07","date_gmt":"2023-08-22T09:01:07","guid":{"rendered":"http:\/\/aegeanhealthcare.com.tr\/?page_id=524"},"modified":"2023-08-22T12:02:28","modified_gmt":"2023-08-22T09:02:28","slug":"konaklama","status":"publish","type":"page","link":"https:\/\/aegeanhealthcare.com.tr\/de\/konaklama\/","title":{"rendered":"Unterkunft"},"content":{"rendered":"<div data-elementor-type=\"wp-page\" data-elementor-id=\"524\" class=\"elementor elementor-524\" data-elementor-post-type=\"page\">\n\t\t\t\t\t\t\t\t\t<section class=\"elementor-section elementor-top-section elementor-element elementor-element-dc6fde8 elementor-section-boxed elementor-section-height-default elementor-section-height-default\" data-id=\"dc6fde8\" data-element_type=\"section\">\n\t\t\t\t\t\t<div class=\"elementor-container elementor-column-gap-default\">\n\t\t\t\t\t<div class=\"elementor-column elementor-col-100 elementor-top-column elementor-element elementor-element-ef21105\" data-id=\"ef21105\" data-element_type=\"column\">\n\t\t\t<div class=\"elementor-widget-wrap elementor-element-populated\">\n\t\t\t\t\t\t\t\t<div class=\"elementor-element elementor-element-850024b elementor-widget elementor-widget-text-editor\" data-id=\"850024b\" data-element_type=\"widget\" data-widget_type=\"text-editor.default\">\n\t\t\t\t<div class=\"elementor-widget-container\">\n\t\t\t<style>\/*! elementor - v3.15.0 - 09-08-2023 *\/\n.elementor-widget-text-editor.elementor-drop-cap-view-stacked .elementor-drop-cap{background-color:#69727d;color:#fff}.elementor-widget-text-editor.elementor-drop-cap-view-framed .elementor-drop-cap{color:#69727d;border:3px solid;background-color:transparent}.elementor-widget-text-editor:not(.elementor-drop-cap-view-default) .elementor-drop-cap{margin-top:8px}.elementor-widget-text-editor:not(.elementor-drop-cap-view-default) .elementor-drop-cap-letter{width:1em;height:1em}.elementor-widget-text-editor .elementor-drop-cap{float:left;text-align:center;line-height:1;font-size:50px}.elementor-widget-text-editor .elementor-drop-cap-letter{display:inline-block}<\/style>\t\t\t\t<h2><strong>Ihr Komfort ist unser Gesch\u00e4ft: Aegean Health Care Accommodation Services<\/strong><\/h2><p><strong><em>Wenn Gesundheit und Wohlbefinden zusammenkommen, entstehen unvergessliche Momente. Als Aegean Health Care vermitteln wir Ihnen bei Ihren Unterkunftserlebnissen die Bedeutung, die wir Ihrer Gesundheit beimessen. Auf der Unterkunftsseite begr\u00fc\u00dfen wir Sie mit den besten Optionen, die Ihre Reise zu etwas Besonderem machen.<\/em><\/strong><\/p><p><strong><em>Um Ihre Gesundheit zu sch\u00fctzen und Ihren Komfort nicht zu beeintr\u00e4chtigen, werden die von uns ausgew\u00e4hlten Unterk\u00fcnfte sorgf\u00e4ltig ausgew\u00e4hlt. Sie kommen einfach zum Entspannen und Entdecken, den Rest \u00fcberlassen Sie uns. Wir bieten Ihnen ein unvergessliches Komforterlebnis mit Unterkunftsalternativen, die sowohl unseren Gesundheitswerten entsprechen als auch Ihren Bed\u00fcrfnissen gerecht werden.<\/em><\/strong><\/p><p><strong><em>Der Unterkunftsservice von Aegean Health Care bietet Ihnen ma\u00dfgeschneiderte L\u00f6sungen. Ob Sie in einem Luxushotel \u00fcbernachten m\u00f6chten oder einen Urlaub in Kontakt mit der Natur w\u00fcnschen; Unser Expertenteam ermittelt die f\u00fcr Ihre Reisepl\u00e4ne am besten geeigneten Unterkunftsm\u00f6glichkeiten.<\/em><\/strong><\/p><p><strong><em>Wir sind hier, um Ihren Traumurlaub wahr werden zu lassen. Auf unserer Unterkunftsseite finden Sie Einzelheiten zu den sorgf\u00e4ltig f\u00fcr Sie ausgew\u00e4hlten Orten. W\u00e4hrend Sie ein Erlebnis voller Gesundheit haben, k\u00f6nnen Sie auch den Komfort genie\u00dfen.<\/em><\/strong><\/p><p><strong><em>Vertrauen Sie darauf, dass wir Ihre Reise unvergesslicher machen. Wir gestalten das beste Urlaubserlebnis f\u00fcr Sie, indem wir Gesundheit und Komfort mit den Aegean Health Care Accommodation Services kombinieren.<\/em><\/strong><\/p>\t\t\t\t\t\t<\/div>\n\t\t\t\t<\/div>\n\t\t\t\t\t<\/div>\n\t\t<\/div>\n\t\t\t\t\t\t\t<\/div>\n\t\t<\/section>\n\t\t\t\t\t\t\t<\/div>","protected":false},"excerpt":{"rendered":"<p>Rahat\u0131n\u0131z Bizim \u0130\u015fimiz: Aegean Health Care Konaklama Hizmetleri Sa\u011fl\u0131k ve konfor bir araya geldi\u011finde, unutulmaz anlar do\u011far. Aegean Health Care olarak, sa\u011fl\u0131\u011f\u0131n\u0131za verdi\u011fimiz \u00f6nemi konaklama deneyimlerinde de hissettiriyoruz. Konaklama sayfas\u0131yla, seyahatinizi \u00f6zel k\u0131lan en iyi se\u00e7enekleri sunarak sizi a\u011f\u0131rl\u0131yoruz. Sa\u011fl\u0131\u011f\u0131n\u0131z\u0131 korumak ve konforunuzdan \u00f6d\u00fcn vermemek amac\u0131yla se\u00e7ti\u011fimiz konaklama yerleri \u00f6zenle se\u00e7ilir. Siz sadece dinlenmek ve [&hellip;]<\/p>","protected":false},"author":2,"featured_media":0,"parent":0,"menu_order":0,"comment_status":"closed","ping_status":"closed","template":"","meta":{"footnotes":""},"_links":{"self":[{"href":"https:\/\/aegeanhealthcare.com.tr\/de\/wp-json\/wp\/v2\/pages\/524"}],"collection":[{"href":"https:\/\/aegeanhealthcare.com.tr\/de\/wp-json\/wp\/v2\/pages"}],"about":[{"href":"https:\/\/aegeanhealthcare.com.tr\/de\/wp-json\/wp\/v2\/types\/page"}],"author":[{"embeddable":true,"href":"https:\/\/aegeanhealthcare.com.tr\/de\/wp-json\/wp\/v2\/users\/2"}],"replies":[{"embeddable":true,"href":"https:\/\/aegeanhealthcare.com.tr\/de\/wp-json\/wp\/v2\/comments?post=524"}],"version-history":[{"count":10,"href":"https:\/\/aegeanhealthcare.com.tr\/de\/wp-json\/wp\/v2\/pages\/524\/revisions"}],"predecessor-version":[{"id":534,"href":"https:\/\/aegeanhealthcare.com.tr\/de\/wp-json\/wp\/v2\/pages\/524\/revisions\/534"}],"wp:attachment":[{"href":"https:\/\/aegeanhealthcare.com.tr\/de\/wp-json\/wp\/v2\/media?parent=524"}],"curies":[{"name":"wp","href":"https:\/\/api.w.org\/{rel}","templated":true}]}}