{"id":519,"date":"2023-08-22T11:59:09","date_gmt":"2023-08-22T08:59:09","guid":{"rendered":"http:\/\/aegeanhealthcare.com.tr\/?page_id=519"},"modified":"2023-08-22T12:00:02","modified_gmt":"2023-08-22T09:00:02","slug":"vize-basvurusu-aracilik-hizmetleri","status":"publish","type":"page","link":"https:\/\/aegeanhealthcare.com.tr\/de\/vize-basvurusu-aracilik-hizmetleri\/","title":{"rendered":"Vermittlungsdienste f\u00fcr Visumantr\u00e4ge"},"content":{"rendered":"<div data-elementor-type=\"wp-page\" data-elementor-id=\"519\" class=\"elementor elementor-519\" data-elementor-post-type=\"page\">\n\t\t\t\t\t\t\t\t\t<section class=\"elementor-section elementor-top-section elementor-element elementor-element-a57fd41 elementor-section-boxed elementor-section-height-default elementor-section-height-default\" data-id=\"a57fd41\" data-element_type=\"section\">\n\t\t\t\t\t\t<div class=\"elementor-container elementor-column-gap-default\">\n\t\t\t\t\t<div class=\"elementor-column elementor-col-100 elementor-top-column elementor-element elementor-element-c6ff06c\" data-id=\"c6ff06c\" data-element_type=\"column\">\n\t\t\t<div class=\"elementor-widget-wrap elementor-element-populated\">\n\t\t\t\t\t\t\t\t<div class=\"elementor-element elementor-element-c0b7085 elementor-widget elementor-widget-text-editor\" data-id=\"c0b7085\" data-element_type=\"widget\" data-widget_type=\"text-editor.default\">\n\t\t\t\t<div class=\"elementor-widget-container\">\n\t\t\t<style>\/*! elementor - v3.15.0 - 09-08-2023 *\/\n.elementor-widget-text-editor.elementor-drop-cap-view-stacked .elementor-drop-cap{background-color:#69727d;color:#fff}.elementor-widget-text-editor.elementor-drop-cap-view-framed .elementor-drop-cap{color:#69727d;border:3px solid;background-color:transparent}.elementor-widget-text-editor:not(.elementor-drop-cap-view-default) .elementor-drop-cap{margin-top:8px}.elementor-widget-text-editor:not(.elementor-drop-cap-view-default) .elementor-drop-cap-letter{width:1em;height:1em}.elementor-widget-text-editor .elementor-drop-cap{float:left;text-align:center;line-height:1;font-size:50px}.elementor-widget-text-editor .elementor-drop-cap-letter{display:inline-block}<\/style>\t\t\t\t<h2><strong>Hand in Hand f\u00fcr Ihr Traum-Gesundheits- und Reiseerlebnis: Aegean Health Care Visa Application Brokerage Services<\/strong><\/h2><p><strong><em>Gesundheit und Reisen k\u00f6nnen eine der wertvollsten Erinnerungen im Leben sein. Als Aegean Health Care stehen wir Ihnen nicht nur im Gesundheitsbereich zur Seite, sondern auch bei Ihren Reisepl\u00e4nen. Mit Visa Application Brokerage Services unterst\u00fctzen wir Sie dabei, Ihre Traumreise zu verwirklichen, indem wir unsere Gesundheits- und Sicherheitswerte einhalten.<\/em><\/strong><\/p><p><strong><em>Visumantragsprozesse k\u00f6nnen oft komplex und zeitaufw\u00e4ndig sein. An diesem Punkt kommt unser erfahrenes und kompetentes Team ins Spiel. Genie\u00dfen Sie einfach Ihre Traumreise, den Rest \u00fcberlassen Sie uns. Wir begleiten Sie durch alle Phasen Ihres Visumantrags. Wir helfen Ihnen bei allem, von den erforderlichen Dokumenten bis hin zur Verfolgung des Status Ihrer Bewerbung.<\/em><\/strong><\/p><p><strong><em>Die Visa Application Brokerage Services von Aegean Health Care bieten personalisierte L\u00f6sungen. Erz\u00e4hlen Sie uns von Ihren Reisepl\u00e4nen und unsere Experten erstellen eine spezielle Roadmap f\u00fcr Sie. Mit einem vollst\u00e4ndigen und regelm\u00e4\u00dfigen Bewerbungsprozess, ausgestattet mit aktuellen und genauen Informationen, erm\u00f6glichen wir Ihnen den Einstieg in Ihr Ziel.<\/em><\/strong><\/p><p><strong><em>Unsere Sensibilit\u00e4t f\u00fcr Gesundheit und Sicherheit gilt auch f\u00fcr Visumantr\u00e4ge. Die Gesundheit von Ihnen und Ihren Lieben steht an erster Stelle. Als Aegean Health Care legen wir bei Visa Application Brokerage Services Wert auf Ihre Gesundheit und Ihr Reiseerlebnis.<\/em><\/strong><\/p><p><strong><em>Vertrauen Sie uns f\u00fcr Ihr Traum-Wellness- und Reiseerlebnis. Genie\u00dfen Sie einen einfacheren, schnelleren und zuverl\u00e4ssigeren Visumprozess mit den Visa Application Brokerage Services von Aegean Health Care und freuen Sie sich, das Ziel Ihrer Tr\u00e4ume zu erreichen.<\/em><\/strong><\/p>\t\t\t\t\t\t<\/div>\n\t\t\t\t<\/div>\n\t\t\t\t\t<\/div>\n\t\t<\/div>\n\t\t\t\t\t\t\t<\/div>\n\t\t<\/section>\n\t\t\t\t\t\t\t<\/div>","protected":false},"excerpt":{"rendered":"<p>Hayalinizdeki Sa\u011fl\u0131k ve Seyahat Deneyimi \u0130\u00e7in El Ele: Aegean Health Care Vize Ba\u015fvurusu Arac\u0131l\u0131k Hizmetleri Sa\u011fl\u0131k ve seyahat, ya\u015fam\u0131n en de\u011ferli an\u0131lar\u0131ndan biri olabilir. Aegean Health Care olarak, sadece sa\u011fl\u0131k alan\u0131nda de\u011fil, ayn\u0131 zamanda seyahat planlar\u0131n\u0131zda da sizin yan\u0131n\u0131zday\u0131z. Vize Ba\u015fvurusu Arac\u0131l\u0131k Hizmetleri ile, sa\u011fl\u0131k ve g\u00fcvenlik de\u011ferlerimize ba\u011fl\u0131 kalarak hayalinizdeki seyahati ger\u00e7ekle\u015ftirmenizi destekliyoruz. Vize [&hellip;]<\/p>","protected":false},"author":2,"featured_media":0,"parent":0,"menu_order":0,"comment_status":"closed","ping_status":"closed","template":"","meta":{"footnotes":""},"_links":{"self":[{"href":"https:\/\/aegeanhealthcare.com.tr\/de\/wp-json\/wp\/v2\/pages\/519"}],"collection":[{"href":"https:\/\/aegeanhealthcare.com.tr\/de\/wp-json\/wp\/v2\/pages"}],"about":[{"href":"https:\/\/aegeanhealthcare.com.tr\/de\/wp-json\/wp\/v2\/types\/page"}],"author":[{"embeddable":true,"href":"https:\/\/aegeanhealthcare.com.tr\/de\/wp-json\/wp\/v2\/users\/2"}],"replies":[{"embeddable":true,"href":"https:\/\/aegeanhealthcare.com.tr\/de\/wp-json\/wp\/v2\/comments?post=519"}],"version-history":[{"count":4,"href":"https:\/\/aegeanhealthcare.com.tr\/de\/wp-json\/wp\/v2\/pages\/519\/revisions"}],"predecessor-version":[{"id":523,"href":"https:\/\/aegeanhealthcare.com.tr\/de\/wp-json\/wp\/v2\/pages\/519\/revisions\/523"}],"wp:attachment":[{"href":"https:\/\/aegeanhealthcare.com.tr\/de\/wp-json\/wp\/v2\/media?parent=519"}],"curies":[{"name":"wp","href":"https:\/\/api.w.org\/{rel}","templated":true}]}}