{"id":508,"date":"2023-08-22T11:52:34","date_gmt":"2023-08-22T08:52:34","guid":{"rendered":"http:\/\/aegeanhealthcare.com.tr\/?page_id=508"},"modified":"2023-08-22T11:56:11","modified_gmt":"2023-08-22T08:56:11","slug":"havalimani-transferi","status":"publish","type":"page","link":"https:\/\/aegeanhealthcare.com.tr\/de\/havalimani-transferi\/","title":{"rendered":"Flughafentransfer"},"content":{"rendered":"<div data-elementor-type=\"wp-page\" data-elementor-id=\"508\" class=\"elementor elementor-508\" data-elementor-post-type=\"page\">\n\t\t\t\t\t\t\t\t\t<section class=\"elementor-section elementor-top-section elementor-element elementor-element-88711ff elementor-section-boxed elementor-section-height-default elementor-section-height-default\" data-id=\"88711ff\" data-element_type=\"section\">\n\t\t\t\t\t\t<div class=\"elementor-container elementor-column-gap-default\">\n\t\t\t\t\t<div class=\"elementor-column elementor-col-100 elementor-top-column elementor-element elementor-element-cb8fcf4\" data-id=\"cb8fcf4\" data-element_type=\"column\">\n\t\t\t<div class=\"elementor-widget-wrap elementor-element-populated\">\n\t\t\t\t\t\t\t\t<div class=\"elementor-element elementor-element-5dd8bbf elementor-widget elementor-widget-text-editor\" data-id=\"5dd8bbf\" data-element_type=\"widget\" data-widget_type=\"text-editor.default\">\n\t\t\t\t<div class=\"elementor-widget-container\">\n\t\t\t<style>\/*! elementor - v3.15.0 - 09-08-2023 *\/\n.elementor-widget-text-editor.elementor-drop-cap-view-stacked .elementor-drop-cap{background-color:#69727d;color:#fff}.elementor-widget-text-editor.elementor-drop-cap-view-framed .elementor-drop-cap{color:#69727d;border:3px solid;background-color:transparent}.elementor-widget-text-editor:not(.elementor-drop-cap-view-default) .elementor-drop-cap{margin-top:8px}.elementor-widget-text-editor:not(.elementor-drop-cap-view-default) .elementor-drop-cap-letter{width:1em;height:1em}.elementor-widget-text-editor .elementor-drop-cap{float:left;text-align:center;line-height:1;font-size:50px}.elementor-widget-text-editor .elementor-drop-cap-letter{display:inline-block}<\/style>\t\t\t\t<h2><strong>Genie\u00dfen Sie Ihre Gesundheit: Machen Sie eine komfortable Reise mit dem Flughafentransfer von Aegean Health Care<\/strong><\/h2><p><strong>Als Aegean Health Care-Familie bieten wir Ihnen gerne einzigartige Erlebnisse, die \u00fcber Gesundheit und Wohlbefinden hinausgehen. Zus\u00e4tzlich zu jedem Moment, den Sie mit Gesundheit verbringen, begleiten wir Sie auch auf Ihren Reisen. F\u00fcr eine Reise voller Gesundheit bringen wir Sie auf die bequemste und besondere Art und Weise an Ihr Ziel. In unserem Flughafentransfer-Service vereinen wir Komfort und Sicherheit im Einklang mit unseren Gesundheitswerten. Wir bieten nicht nur einen Transfer, sondern auch ein Entspannungserlebnis mit unseren erfahrenen Fahrern und modernen und komfortablen Fahrzeugen. Sind Sie bereit, die M\u00fcdigkeit Ihrer Reise zu lindern? W\u00e4hrend Sie sich auf Ihre Behandlung konzentrieren, ber\u00fccksichtigen wir jedes Detail f\u00fcr Sie. Mit dem aufmerksamen und individuellen Flughafentransferservice von Aegean Health Care trifft Ihre Reise auf Gesundheit.<\/strong><\/p><p><em><strong>Unsere erfahrenen Fahrer begleiten Sie f\u00fcr eine sichere und angenehme Reise. Jeder Moment, den Sie in unseren modernen und luxuri\u00f6sen Fahrzeugen verbringen, ist darauf ausgelegt, dass Sie Komfort und Qualit\u00e4t genie\u00dfen. Lehnen Sie sich einfach zur\u00fcck und wir denken \u00fcber den Rest nach. Diese Reise, bei der jedes Detail sorgf\u00e4ltig geplant ist, ist nicht nur ein Transfer, sondern auch eine gesunde Flucht. Unser Flughafentransfer-Service bietet mehr als nur eine Fahrt f\u00fcr Sie. Wir bringen Sie mit einem Erlebnis zusammen, das Sie von M\u00fcdigkeit befreit und Stress abbaut. Mit diesem Service, der Gesundheit und Komfort vereint, werden Sie Freude daran haben, Ihr Ziel zu erreichen und das Gef\u00fchl zu haben, dass jeder Moment etwas Besonderes ist. Erleben Sie jetzt auf Ihren Reisen den unber\u00fchrten Komfort und die Pflege von Aegean Health Care. F\u00fcr eine Reise voller Gesundheit erwarten wir Sie, indem wir jedes Detail ber\u00fccksichtigen. Lernen Sie unseren Flughafentransfer-Service kennen und genie\u00dfen Sie eine Reise, bei der die Gesundheit im Vordergrund steht<\/strong>.<\/em><\/p><p>\u00a0<\/p>\t\t\t\t\t\t<\/div>\n\t\t\t\t<\/div>\n\t\t\t\t\t<\/div>\n\t\t<\/div>\n\t\t\t\t\t\t\t<\/div>\n\t\t<\/section>\n\t\t\t\t\t\t\t<\/div>","protected":false},"excerpt":{"rendered":"<p>Sa\u011fl\u0131kla Kucakla\u015f\u0131n: Aegean Health Care Havaliman\u0131 Transferi ile Konforlu Yolculu\u011fa Ad\u0131m At\u0131n Aegean Health Care ailesi olarak, sa\u011fl\u0131k ve refah\u0131n \u00f6tesinde sizlere benzersiz deneyimler sunmaktan mutluluk duyuyoruz. Sa\u011fl\u0131kla ge\u00e7irdi\u011finiz her an\u0131n yan\u0131 s\u0131ra, seyahatlerinizde de yan\u0131n\u0131zday\u0131z. Sa\u011fl\u0131kla dolu bir yolculuk i\u00e7in sizleri en rahat ve \u00f6zel \u015fekilde hedefinize ta\u015f\u0131yoruz. Havaliman\u0131 Transferi hizmetimizde, sa\u011fl\u0131k de\u011ferlerimize uygun [&hellip;]<\/p>","protected":false},"author":2,"featured_media":0,"parent":0,"menu_order":0,"comment_status":"closed","ping_status":"closed","template":"","meta":{"footnotes":""},"_links":{"self":[{"href":"https:\/\/aegeanhealthcare.com.tr\/de\/wp-json\/wp\/v2\/pages\/508"}],"collection":[{"href":"https:\/\/aegeanhealthcare.com.tr\/de\/wp-json\/wp\/v2\/pages"}],"about":[{"href":"https:\/\/aegeanhealthcare.com.tr\/de\/wp-json\/wp\/v2\/types\/page"}],"author":[{"embeddable":true,"href":"https:\/\/aegeanhealthcare.com.tr\/de\/wp-json\/wp\/v2\/users\/2"}],"replies":[{"embeddable":true,"href":"https:\/\/aegeanhealthcare.com.tr\/de\/wp-json\/wp\/v2\/comments?post=508"}],"version-history":[{"count":10,"href":"https:\/\/aegeanhealthcare.com.tr\/de\/wp-json\/wp\/v2\/pages\/508\/revisions"}],"predecessor-version":[{"id":518,"href":"https:\/\/aegeanhealthcare.com.tr\/de\/wp-json\/wp\/v2\/pages\/508\/revisions\/518"}],"wp:attachment":[{"href":"https:\/\/aegeanhealthcare.com.tr\/de\/wp-json\/wp\/v2\/media?parent=508"}],"curies":[{"name":"wp","href":"https:\/\/api.w.org\/{rel}","templated":true}]}}