{"id":545,"date":"2023-08-22T12:05:21","date_gmt":"2023-08-22T09:05:21","guid":{"rendered":"http:\/\/aegeanhealthcare.com.tr\/?page_id=545"},"modified":"2023-08-22T12:07:04","modified_gmt":"2023-08-22T09:07:04","slug":"kultur-turu","status":"publish","type":"page","link":"https:\/\/aegeanhealthcare.com.tr\/bg\/kultur-turu\/","title":{"rendered":"\u041a\u0443\u043b\u0442\u0443\u0440\u043d\u0430 \u043e\u0431\u0438\u043a\u043e\u043b\u043a\u0430"},"content":{"rendered":"<div data-elementor-type=\"wp-page\" data-elementor-id=\"545\" class=\"elementor elementor-545\" data-elementor-post-type=\"page\">\n\t\t\t\t\t\t\t\t\t<section class=\"elementor-section elementor-top-section elementor-element elementor-element-c6d28eb elementor-section-boxed elementor-section-height-default elementor-section-height-default\" data-id=\"c6d28eb\" data-element_type=\"section\">\n\t\t\t\t\t\t<div class=\"elementor-container elementor-column-gap-default\">\n\t\t\t\t\t<div class=\"elementor-column elementor-col-100 elementor-top-column elementor-element elementor-element-da01b7a\" data-id=\"da01b7a\" data-element_type=\"column\">\n\t\t\t<div class=\"elementor-widget-wrap elementor-element-populated\">\n\t\t\t\t\t\t\t\t<div class=\"elementor-element elementor-element-8105282 elementor-widget elementor-widget-text-editor\" data-id=\"8105282\" data-element_type=\"widget\" data-widget_type=\"text-editor.default\">\n\t\t\t\t<div class=\"elementor-widget-container\">\n\t\t\t<style>\/*! elementor - v3.15.0 - 09-08-2023 *\/\n.elementor-widget-text-editor.elementor-drop-cap-view-stacked .elementor-drop-cap{background-color:#69727d;color:#fff}.elementor-widget-text-editor.elementor-drop-cap-view-framed .elementor-drop-cap{color:#69727d;border:3px solid;background-color:transparent}.elementor-widget-text-editor:not(.elementor-drop-cap-view-default) .elementor-drop-cap{margin-top:8px}.elementor-widget-text-editor:not(.elementor-drop-cap-view-default) .elementor-drop-cap-letter{width:1em;height:1em}.elementor-widget-text-editor .elementor-drop-cap{float:left;text-align:center;line-height:1;font-size:50px}.elementor-widget-text-editor .elementor-drop-cap-letter{display:inline-block}<\/style>\t\t\t\t<h2><strong>\u0412 \u0442\u044a\u0440\u0441\u0435\u043d\u0435 \u043d\u0430 \u043a\u0443\u043b\u0442\u0443\u0440\u0430: \u0415\u0433\u0435\u0439\u0441\u043a\u043e \u0437\u0434\u0440\u0430\u0432\u0435\u043e\u043f\u0430\u0437\u0432\u0430\u043d\u0435 \u041a\u0443\u043b\u0442\u0443\u0440\u043d\u043e \u0438\u0437\u0436\u0438\u0432\u044f\u0432\u0430\u043d\u0435<\/strong><\/h2><p><strong><em>\u0413\u043e\u0442\u043e\u0432\u0438 \u043b\u0438 \u0441\u0442\u0435 \u0434\u0430 \u0438\u0437\u0441\u043b\u0435\u0434\u0432\u0430\u0442\u0435 \u0431\u043e\u0433\u0430\u0442\u0430\u0442\u0430 \u0442\u0435\u043a\u0441\u0442\u0443\u0440\u0430 \u043d\u0430 \u043a\u0443\u043b\u0442\u0443\u0440\u0430\u0442\u0430? \u041a\u0430\u0442\u043e Aegean Health Care, \u043d\u0438\u0435 \u0432\u0438 \u043a\u0430\u0440\u0430\u043c\u0435 \u0434\u0430 \u043f\u043e\u0447\u0443\u0432\u0441\u0442\u0432\u0430\u0442\u0435 \u0437\u043d\u0430\u0447\u0435\u043d\u0438\u0435\u0442\u043e, \u043a\u043e\u0435\u0442\u043e \u043e\u0442\u0434\u0430\u0432\u0430\u043c\u0435 \u043d\u0430 \u0432\u0430\u0448\u0435\u0442\u043e \u0437\u0434\u0440\u0430\u0432\u0435 \u0432\u044a\u0432 \u0432\u0430\u0448\u0435\u0442\u043e \u043a\u0443\u043b\u0442\u0443\u0440\u043d\u043e \u0438\u0437\u0436\u0438\u0432\u044f\u0432\u0430\u043d\u0435. \u0421 \u043d\u0430\u0448\u0430\u0442\u0430 \u0441\u0442\u0440\u0430\u043d\u0438\u0446\u0430 Cultural Tour \u043d\u0438\u0435 \u0442\u0440\u044a\u0433\u0432\u0430\u043c\u0435 \u043d\u0430 \u0435\u0434\u043d\u043e \u043d\u0435\u0437\u0430\u0431\u0440\u0430\u0432\u0438\u043c\u043e \u0438\u0437\u0441\u043b\u0435\u0434\u0432\u0430\u043d\u0435 \u043f\u043e \u0441\u0442\u044a\u043f\u043a\u0438\u0442\u0435 \u043d\u0430 \u0438\u0441\u0442\u043e\u0440\u0438\u044f\u0442\u0430 \u0438 \u0442\u0440\u0430\u0434\u0438\u0446\u0438\u0438\u0442\u0435.<\/em><\/strong><\/p><p><strong><em>\u041d\u0430\u0448\u0438\u0442\u0435 \u0435\u043a\u0441\u043f\u0435\u0440\u0442\u043d\u0438 \u0432\u043e\u0434\u0430\u0447\u0438 \u0441\u0430 \u0441 \u0432\u0430\u0441, \u0437\u0430 \u0434\u0430 \u0432\u0438 \u043f\u0440\u0435\u0434\u043b\u043e\u0436\u0430\u0442 \u043d\u0430\u0439-\u0441\u043f\u0435\u0446\u0438\u0430\u043b\u043d\u0438\u0442\u0435 \u043a\u0443\u043b\u0442\u0443\u0440\u043d\u0438 \u043e\u0431\u0438\u043a\u043e\u043b\u043a\u0438. \u041f\u043e\u0433\u0440\u0438\u0436\u0435\u0442\u0435 \u0441\u0435 \u0437\u0430 \u0437\u0434\u0440\u0430\u0432\u0435\u0442\u043e \u0441\u0438, \u0434\u043e\u043a\u0430\u0442\u043e \u043f\u043e\u0441\u0435\u0449\u0430\u0432\u0430\u0442\u0435 \u0438\u0441\u0442\u043e\u0440\u0438\u0447\u0435\u0441\u043a\u0438 \u043c\u0435\u0441\u0442\u0430, \u043d\u043e \u0438 \u043f\u0440\u043e\u0441\u043b\u0435\u0434\u0435\u0442\u0435 \u0434\u044a\u043b\u0431\u043e\u043a\u0438\u0442\u0435 \u0441\u043b\u0435\u0434\u0438 \u043e\u0442 \u043c\u0438\u043d\u0430\u043b\u043e\u0442\u043e. \u041d\u0430\u0441\u043b\u0430\u0434\u0435\u0442\u0435 \u0441\u0435 \u043d\u0430 \u043f\u044a\u0442\u0443\u0432\u0430\u043d\u0435, \u0438\u0437\u043f\u044a\u043b\u043d\u0435\u043d\u043e \u0441\u044a\u0441 \u0437\u0434\u0440\u0430\u0432\u0435, \u043d\u0430 \u043c\u0435\u0441\u0442\u0430 \u0441 \u0438\u0441\u0442\u043e\u0440\u0438\u0447\u0435\u0441\u043a\u043e \u0438 \u043a\u0443\u043b\u0442\u0443\u0440\u043d\u043e \u0437\u043d\u0430\u0447\u0435\u043d\u0438\u0435.<\/em><\/strong><\/p><p><strong><em>Aegean Health Care&#8217;in K\u00fclt\u00fcr Turu deneyimiyle, sadece seyahat etmekle kalmayacak, ayn\u0131 zamanda farkl\u0131 k\u00fclt\u00fcrleri tan\u0131man\u0131n keyfini \u00e7\u0131karacaks\u0131n\u0131z. Tarihin tozlu sayfalar\u0131n\u0131 \u00e7evirirken, sa\u011fl\u0131k de\u011ferlerimizi g\u00f6z ard\u0131 etmiyoruz.<\/em><\/strong><\/p><p><strong><em>\u0412\u0441\u044f\u043a\u0430 \u043a\u0443\u043b\u0442\u0443\u0440\u043d\u0430 \u043e\u0431\u0438\u043a\u043e\u043b\u043a\u0430 \u043f\u0440\u0435\u0434\u043b\u0430\u0433\u0430 \u0441\u0432\u043e\u0435 \u0443\u043d\u0438\u043a\u0430\u043b\u043d\u043e \u0438\u0437\u0436\u0438\u0432\u044f\u0432\u0430\u043d\u0435. \u041f\u0440\u0435\u0434\u0441\u0442\u0430\u0432\u044f\u0442\u0435 \u0441\u0438, \u0447\u0435 \u043d\u043e\u0441\u0438\u043c. \u0418\u0437\u0436\u0438\u0432\u0435\u0439\u0442\u0435 \u043c\u0435\u0441\u0442\u0430\u0442\u0430, \u043a\u043e\u0438\u0442\u043e \u043f\u043e\u0441\u0435\u0449\u0430\u0432\u0430\u0442\u0435, \u043e\u0442\u0432\u044a\u0434 \u043f\u0440\u043e\u0441\u0442\u043e \u0434\u0430 \u0433\u0438 \u0432\u0438\u0434\u0438\u0442\u0435, \u0441 \u043e\u043f\u0446\u0438\u0438 \u0437\u0430 \u043e\u0431\u0438\u043a\u043e\u043b\u043a\u0438, \u0441\u043f\u0435\u0446\u0438\u0430\u043b\u043d\u043e \u043f\u0440\u0438\u0433\u043e\u0434\u0435\u043d\u0438 \u0437\u0430 \u0432\u0430\u0441.<\/em><\/strong><\/p><p><strong><em>\u041a\u043e\u0433\u0430\u0442\u043e \u043a\u0443\u043b\u0442\u0443\u0440\u0430\u0442\u0430 \u0438 \u0437\u0434\u0440\u0430\u0432\u0435\u0442\u043e \u0441\u0435 \u0441\u043b\u0435\u044f\u0442, \u0432\u044a\u0437\u043d\u0438\u043a\u0432\u0430\u0442 \u043d\u0435\u0437\u0430\u0431\u0440\u0430\u0432\u0438\u043c\u0438 \u0441\u043f\u043e\u043c\u0435\u043d\u0438. \u0412\u043b\u0435\u0437\u0442\u0435 \u0432\u044a\u0432 \u0432\u044a\u043b\u0448\u0435\u0431\u043d\u0438\u044f \u0441\u0432\u044f\u0442 \u043d\u0430 \u0438\u0441\u0442\u043e\u0440\u0438\u044f\u0442\u0430 \u0438 \u0437\u0434\u0440\u0430\u0432\u0435\u0442\u043e \u0441 Aegean Health Care Cultural Tour Experience \u0438 \u043d\u0430\u043f\u0440\u0430\u0432\u0435\u0442\u0435 \u043f\u044a\u0442\u0443\u0432\u0430\u043d\u0435\u0442\u043e \u0441\u0438 \u043e\u0449\u0435 \u043f\u043e-\u0441\u043c\u0438\u0441\u043b\u0435\u043d\u043e.<\/em><\/strong><\/p>\t\t\t\t\t\t<\/div>\n\t\t\t\t<\/div>\n\t\t\t\t\t<\/div>\n\t\t<\/div>\n\t\t\t\t\t\t\t<\/div>\n\t\t<\/section>\n\t\t\t\t\t\t\t<\/div>","protected":false},"excerpt":{"rendered":"<p>K\u00fclt\u00fcr\u00fcn \u0130zinde: Aegean Health Care K\u00fclt\u00fcr Turu Deneyimi K\u00fclt\u00fcr\u00fcn zengin dokusunu ke\u015ffetmek i\u00e7in haz\u0131r m\u0131s\u0131n\u0131z? Aegean Health Care olarak, sa\u011fl\u0131\u011f\u0131n\u0131za verdi\u011fimiz \u00f6nemi k\u00fclt\u00fcr turu deneyiminizde de hissettiriyoruz. K\u00fclt\u00fcr Turu sayfam\u0131zla, tarihin ve geleneklerin izinde unutulmaz bir ke\u015ffe \u00e7\u0131k\u0131yoruz. Uzman rehberlerimiz, size en \u00f6zel k\u00fclt\u00fcr turlar\u0131n\u0131 sunmak i\u00e7in yan\u0131n\u0131zda. Tarihi mekanlar\u0131 gezerken sa\u011fl\u0131\u011f\u0131n\u0131za dikkat edin, ayn\u0131 [&hellip;]<\/p>","protected":false},"author":2,"featured_media":0,"parent":0,"menu_order":0,"comment_status":"closed","ping_status":"closed","template":"","meta":{"footnotes":""},"_links":{"self":[{"href":"https:\/\/aegeanhealthcare.com.tr\/bg\/wp-json\/wp\/v2\/pages\/545"}],"collection":[{"href":"https:\/\/aegeanhealthcare.com.tr\/bg\/wp-json\/wp\/v2\/pages"}],"about":[{"href":"https:\/\/aegeanhealthcare.com.tr\/bg\/wp-json\/wp\/v2\/types\/page"}],"author":[{"embeddable":true,"href":"https:\/\/aegeanhealthcare.com.tr\/bg\/wp-json\/wp\/v2\/users\/2"}],"replies":[{"embeddable":true,"href":"https:\/\/aegeanhealthcare.com.tr\/bg\/wp-json\/wp\/v2\/comments?post=545"}],"version-history":[{"count":4,"href":"https:\/\/aegeanhealthcare.com.tr\/bg\/wp-json\/wp\/v2\/pages\/545\/revisions"}],"predecessor-version":[{"id":549,"href":"https:\/\/aegeanhealthcare.com.tr\/bg\/wp-json\/wp\/v2\/pages\/545\/revisions\/549"}],"wp:attachment":[{"href":"https:\/\/aegeanhealthcare.com.tr\/bg\/wp-json\/wp\/v2\/media?parent=545"}],"curies":[{"name":"wp","href":"https:\/\/api.w.org\/{rel}","templated":true}]}}