{"id":536,"date":"2023-08-22T12:02:59","date_gmt":"2023-08-22T09:02:59","guid":{"rendered":"http:\/\/aegeanhealthcare.com.tr\/?page_id=536"},"modified":"2023-08-22T12:04:16","modified_gmt":"2023-08-22T09:04:16","slug":"rehberlik-hizmetleri","status":"publish","type":"page","link":"https:\/\/aegeanhealthcare.com.tr\/bg\/rehberlik-hizmetleri\/","title":{"rendered":"\u041d\u0430\u0441\u043e\u0447\u0432\u0430\u0449\u0438 \u0443\u0441\u043b\u0443\u0433\u0438"},"content":{"rendered":"<div data-elementor-type=\"wp-page\" data-elementor-id=\"536\" class=\"elementor elementor-536\" data-elementor-post-type=\"page\">\n\t\t\t\t\t\t\t\t\t<section class=\"elementor-section elementor-top-section elementor-element elementor-element-65fe5e3 elementor-section-boxed elementor-section-height-default elementor-section-height-default\" data-id=\"65fe5e3\" data-element_type=\"section\">\n\t\t\t\t\t\t<div class=\"elementor-container elementor-column-gap-default\">\n\t\t\t\t\t<div class=\"elementor-column elementor-col-100 elementor-top-column elementor-element elementor-element-545801a\" data-id=\"545801a\" data-element_type=\"column\">\n\t\t\t<div class=\"elementor-widget-wrap elementor-element-populated\">\n\t\t\t\t\t\t\t\t<div class=\"elementor-element elementor-element-5d6d139 elementor-widget elementor-widget-text-editor\" data-id=\"5d6d139\" data-element_type=\"widget\" data-widget_type=\"text-editor.default\">\n\t\t\t\t<div class=\"elementor-widget-container\">\n\t\t\t<style>\/*! elementor - v3.15.0 - 09-08-2023 *\/\n.elementor-widget-text-editor.elementor-drop-cap-view-stacked .elementor-drop-cap{background-color:#69727d;color:#fff}.elementor-widget-text-editor.elementor-drop-cap-view-framed .elementor-drop-cap{color:#69727d;border:3px solid;background-color:transparent}.elementor-widget-text-editor:not(.elementor-drop-cap-view-default) .elementor-drop-cap{margin-top:8px}.elementor-widget-text-editor:not(.elementor-drop-cap-view-default) .elementor-drop-cap-letter{width:1em;height:1em}.elementor-widget-text-editor .elementor-drop-cap{float:left;text-align:center;line-height:1;font-size:50px}.elementor-widget-text-editor .elementor-drop-cap-letter{display:inline-block}<\/style>\t\t\t\t<h2><strong>\u0412\u0430\u0448\u0435\u0442\u043e \u0440\u044a\u043a\u043e\u0432\u043e\u0434\u0441\u0442\u0432\u043e \u0437\u0430 \u0432\u0430\u0448\u0435\u0442\u043e \u0437\u0434\u0440\u0430\u0432\u0435: Aegean Health Care Guidance Services<\/strong><\/h2><p><strong><em>\u041d\u0438\u0435 \u0441\u043c\u0435 \u0442\u0443\u043a, \u0437\u0430 \u0434\u0430 \u0432\u0438 \u0432\u043e\u0434\u0438\u043c \u0432\u0441\u0435\u043a\u0438 \u043c\u043e\u043c\u0435\u043d\u0442 \u043e\u0442 \u0432\u0430\u0448\u0435\u0442\u043e \u043f\u044a\u0442\u0443\u0432\u0430\u043d\u0435. \u041a\u0430\u0442\u043e Aegean Health Care, \u043d\u0438\u0435 \u0441\u043c\u0435 \u043d\u0430 \u0432\u0430\u0448\u0430 \u0441\u0442\u0440\u0430\u043d\u0430 \u0441 \u043d\u0430\u0448\u0435\u0442\u043e \u0441\u044a\u0442\u0440\u0443\u0434\u043d\u0438\u0447\u0435\u0441\u0442\u0432\u043e \u0437\u0430 \u0437\u0434\u0440\u0430\u0432\u0435 \u0438 \u043e\u043f\u0438\u0442 \u0438 \u0443\u0441\u043b\u0443\u0433\u0438 \u0437\u0430 \u043e\u0440\u0438\u0435\u043d\u0442\u0438\u0440\u0430\u043d\u0435. \u041d\u0438\u0435 \u0432\u0438 \u043d\u0430\u0441\u043e\u0447\u0432\u0430\u043c\u0435 \u0441\u0442\u044a\u043f\u043a\u0430 \u043f\u043e \u0441\u0442\u044a\u043f\u043a\u0430, \u0437\u0430 \u0434\u0430 \u0432\u0438 \u043f\u0440\u0435\u0434\u043e\u0441\u0442\u0430\u0432\u0438\u043c \u043d\u0430\u0439-\u0434\u043e\u0431\u0440\u043e\u0442\u043e \u0438\u0437\u0436\u0438\u0432\u044f\u0432\u0430\u043d\u0435.<\/em><\/strong><\/p><p><strong><em>Uzman rehberlerimiz, sizin hedeflerinizi ve ihtiya\u00e7lar\u0131n\u0131z\u0131 anlayarak yolculu\u011funuzu en iyi \u015fekilde planl\u0131yor. Hangi destinasyonun size uygun oldu\u011fundan, nas\u0131l bir program izlemeniz gerekti\u011fine kadar her a\u015famada size destek oluyoruz.<\/em><\/strong><\/p><p><strong><em>\u041e\u0446\u0435\u043d\u0435\u0442\u0435 \u043f\u044a\u0442\u0443\u0432\u0430\u043d\u0435\u0442\u043e \u0441\u0438 \u043f\u043e \u043d\u0430\u0439-\u0435\u0444\u0435\u043a\u0442\u0438\u0432\u043d\u0438\u044f \u043d\u0430\u0447\u0438\u043d \u0441 \u0443\u0441\u043b\u0443\u0433\u0438\u0442\u0435 \u0437\u0430 \u043e\u0440\u0438\u0435\u043d\u0442\u0438\u0440\u0430\u043d\u0435 \u043d\u0430 Aegean Health Care. \u041f\u0440\u0435\u0434\u043b\u0430\u0433\u0430\u0439\u043a\u0438 \u0432\u0438 \u0441\u043f\u0435\u0446\u0438\u0430\u043b\u043d\u0438 \u043f\u0440\u0435\u0436\u0438\u0432\u044f\u0432\u0430\u043d\u0438\u044f \u0438 \u043f\u0440\u0435\u0434\u043b\u043e\u0436\u0435\u043d\u0438\u044f, \u0449\u0435 \u043d\u0430\u0442\u0440\u0443\u043f\u0430\u0442\u0435 \u043d\u0435\u0437\u0430\u0431\u0440\u0430\u0432\u0438\u043c\u0438 \u0441\u043f\u043e\u043c\u0435\u043d\u0438, \u043a\u0430\u043a\u0442\u043e \u0438 \u043f\u044a\u0442\u0443\u0432\u0430\u043d\u0435, \u0438\u0437\u043f\u044a\u043b\u043d\u0435\u043d\u043e \u0441\u044a\u0441 \u0437\u0434\u0440\u0430\u0432\u0435.<\/em><\/strong><\/p><p><strong><em>\u0412\u0441\u044f\u043a\u043e \u043f\u044a\u0442\u0443\u0432\u0430\u043d\u0435 \u0435 \u0441\u043f\u0435\u0446\u0438\u0430\u043b\u043d\u043e \u0438 \u0432\u0441\u0435\u043a\u0438 \u043c\u043e\u043c\u0435\u043d\u0442 \u0435 \u0446\u0435\u043d\u0435\u043d. \u041e\u0446\u0432\u0435\u0442\u0435\u0442\u0435 \u0441\u043f\u043e\u043c\u0435\u043d\u0438\u0442\u0435 \u0441\u0438, \u043a\u0430\u0442\u043e \u0434\u0430\u0434\u0435\u0442\u0435 \u043f\u0440\u0438\u043e\u0440\u0438\u0442\u0435\u0442 \u043d\u0430 \u0437\u0434\u0440\u0430\u0432\u0435\u0442\u043e \u0441\u0438 \u0438 \u0438\u043c\u0430\u0442\u0435 \u043d\u0430\u0439-\u0434\u043e\u0431\u0440\u043e\u0442\u043e \u0438\u0437\u0436\u0438\u0432\u044f\u0432\u0430\u043d\u0435, \u0431\u0435\u0437 \u0434\u0430 \u0438\u0437\u043f\u0438\u0442\u0432\u0430\u0442\u0435 \u043f\u0440\u043e\u0431\u043b\u0435\u043c\u0438 \u043f\u043e \u0432\u0440\u0435\u043c\u0435 \u043d\u0430 \u043f\u044a\u0442\u0443\u0432\u0430\u043d\u0435\u0442\u043e \u0441\u0438, \u0431\u043b\u0430\u0433\u043e\u0434\u0430\u0440\u0435\u043d\u0438\u0435 \u043d\u0430 \u0443\u0441\u043b\u0443\u0433\u0438\u0442\u0435 \u0437\u0430 \u043d\u0430\u0441\u043e\u0447\u0432\u0430\u043d\u0435.<\/em><\/strong><\/p><p><strong><em>\u041d\u0438\u0435 \u0441\u043c\u0435 \u0442\u0443\u043a, \u0437\u0430 \u0434\u0430 \u0432\u0438 \u043f\u0440\u0435\u0434\u043e\u0441\u0442\u0430\u0432\u0438\u043c \u043d\u0430\u0439-\u0434\u043e\u0431\u0440\u043e\u0442\u043e \u0432\u043e\u0434\u0435\u043d\u0435. \u0412\u044a\u0437\u043f\u043e\u043b\u0437\u0432\u0430\u0439\u0442\u0435 \u0441\u0435 \u043c\u0430\u043a\u0441\u0438\u043c\u0430\u043b\u043d\u043e \u043e\u0442 \u0432\u0441\u0435\u043a\u0438 \u043c\u043e\u043c\u0435\u043d\u0442 \u043e\u0442 \u0432\u0430\u0448\u0435\u0442\u043e \u043f\u044a\u0442\u0443\u0432\u0430\u043d\u0435 \u0441 Aegean Health Care Guidance Services \u0438 \u0432\u0437\u0435\u043c\u0435\u0442\u0435 \u0437\u0434\u0440\u0430\u0432\u0435 \u0438 \u043e\u043f\u0438\u0442 \u0437\u0430\u0435\u0434\u043d\u043e.<\/em><\/strong><\/p>\t\t\t\t\t\t<\/div>\n\t\t\t\t<\/div>\n\t\t\t\t\t<\/div>\n\t\t<\/div>\n\t\t\t\t\t\t\t<\/div>\n\t\t<\/section>\n\t\t\t\t\t\t\t<\/div>","protected":false},"excerpt":{"rendered":"<p>Sa\u011fl\u0131\u011f\u0131n\u0131zda Rehberiniz: Aegean Health Care Rehberlik Hizmetleri Yolculu\u011funuzun her an\u0131nda size rehberlik etmek i\u00e7in buraday\u0131z. Aegean Health Care olarak, sa\u011fl\u0131k ve deneyim birlikteli\u011fimizle, Rehberlik Hizmetleri ile sizin yan\u0131n\u0131zday\u0131z. Size en iyi deneyimi sunabilmek i\u00e7in ad\u0131m ad\u0131m rehberlik ediyoruz. Uzman rehberlerimiz, sizin hedeflerinizi ve ihtiya\u00e7lar\u0131n\u0131z\u0131 anlayarak yolculu\u011funuzu en iyi \u015fekilde planl\u0131yor. Hangi destinasyonun size uygun oldu\u011fundan, [&hellip;]<\/p>","protected":false},"author":2,"featured_media":0,"parent":0,"menu_order":0,"comment_status":"closed","ping_status":"closed","template":"","meta":{"footnotes":""},"_links":{"self":[{"href":"https:\/\/aegeanhealthcare.com.tr\/bg\/wp-json\/wp\/v2\/pages\/536"}],"collection":[{"href":"https:\/\/aegeanhealthcare.com.tr\/bg\/wp-json\/wp\/v2\/pages"}],"about":[{"href":"https:\/\/aegeanhealthcare.com.tr\/bg\/wp-json\/wp\/v2\/types\/page"}],"author":[{"embeddable":true,"href":"https:\/\/aegeanhealthcare.com.tr\/bg\/wp-json\/wp\/v2\/users\/2"}],"replies":[{"embeddable":true,"href":"https:\/\/aegeanhealthcare.com.tr\/bg\/wp-json\/wp\/v2\/comments?post=536"}],"version-history":[{"count":4,"href":"https:\/\/aegeanhealthcare.com.tr\/bg\/wp-json\/wp\/v2\/pages\/536\/revisions"}],"predecessor-version":[{"id":542,"href":"https:\/\/aegeanhealthcare.com.tr\/bg\/wp-json\/wp\/v2\/pages\/536\/revisions\/542"}],"wp:attachment":[{"href":"https:\/\/aegeanhealthcare.com.tr\/bg\/wp-json\/wp\/v2\/media?parent=536"}],"curies":[{"name":"wp","href":"https:\/\/api.w.org\/{rel}","templated":true}]}}