{"id":524,"date":"2023-08-22T12:01:07","date_gmt":"2023-08-22T09:01:07","guid":{"rendered":"http:\/\/aegeanhealthcare.com.tr\/?page_id=524"},"modified":"2023-08-22T12:02:28","modified_gmt":"2023-08-22T09:02:28","slug":"konaklama","status":"publish","type":"page","link":"https:\/\/aegeanhealthcare.com.tr\/bg\/konaklama\/","title":{"rendered":"\u041d\u0430\u0441\u0442\u0430\u043d\u044f\u0432\u0430\u043d\u0435"},"content":{"rendered":"<div data-elementor-type=\"wp-page\" data-elementor-id=\"524\" class=\"elementor elementor-524\" data-elementor-post-type=\"page\">\n\t\t\t\t\t\t\t\t\t<section class=\"elementor-section elementor-top-section elementor-element elementor-element-dc6fde8 elementor-section-boxed elementor-section-height-default elementor-section-height-default\" data-id=\"dc6fde8\" data-element_type=\"section\">\n\t\t\t\t\t\t<div class=\"elementor-container elementor-column-gap-default\">\n\t\t\t\t\t<div class=\"elementor-column elementor-col-100 elementor-top-column elementor-element elementor-element-ef21105\" data-id=\"ef21105\" data-element_type=\"column\">\n\t\t\t<div class=\"elementor-widget-wrap elementor-element-populated\">\n\t\t\t\t\t\t\t\t<div class=\"elementor-element elementor-element-850024b elementor-widget elementor-widget-text-editor\" data-id=\"850024b\" data-element_type=\"widget\" data-widget_type=\"text-editor.default\">\n\t\t\t\t<div class=\"elementor-widget-container\">\n\t\t\t<style>\/*! elementor - v3.15.0 - 09-08-2023 *\/\n.elementor-widget-text-editor.elementor-drop-cap-view-stacked .elementor-drop-cap{background-color:#69727d;color:#fff}.elementor-widget-text-editor.elementor-drop-cap-view-framed .elementor-drop-cap{color:#69727d;border:3px solid;background-color:transparent}.elementor-widget-text-editor:not(.elementor-drop-cap-view-default) .elementor-drop-cap{margin-top:8px}.elementor-widget-text-editor:not(.elementor-drop-cap-view-default) .elementor-drop-cap-letter{width:1em;height:1em}.elementor-widget-text-editor .elementor-drop-cap{float:left;text-align:center;line-height:1;font-size:50px}.elementor-widget-text-editor .elementor-drop-cap-letter{display:inline-block}<\/style>\t\t\t\t<h2><strong>\u0412\u0430\u0448\u0438\u044f\u0442 \u043a\u043e\u043c\u0444\u043e\u0440\u0442 \u0435 \u043d\u0430\u0448\u0430\u0442\u0430 \u0440\u0430\u0431\u043e\u0442\u0430: Aegean Health Care \u0423\u0441\u043b\u0443\u0433\u0438 \u0437\u0430 \u043d\u0430\u0441\u0442\u0430\u043d\u044f\u0432\u0430\u043d\u0435<\/strong><\/h2><p><strong><em>\u041a\u043e\u0433\u0430\u0442\u043e \u0437\u0434\u0440\u0430\u0432\u0435\u0442\u043e \u0438 \u043a\u043e\u043c\u0444\u043e\u0440\u0442\u0430 \u0441\u0435 \u0441\u044a\u0447\u0435\u0442\u0430\u044f\u0442, \u0441\u0435 \u0440\u0430\u0436\u0434\u0430\u0442 \u043d\u0435\u0437\u0430\u0431\u0440\u0430\u0432\u0438\u043c\u0438 \u043c\u043e\u043c\u0435\u043d\u0442\u0438. \u041a\u0430\u0442\u043e Aegean Health Care, \u043d\u0438\u0435 \u0432\u0438 \u043a\u0430\u0440\u0430\u043c\u0435 \u0434\u0430 \u043f\u043e\u0447\u0443\u0432\u0441\u0442\u0432\u0430\u0442\u0435 \u0437\u043d\u0430\u0447\u0435\u043d\u0438\u0435\u0442\u043e, \u043a\u043e\u0435\u0442\u043e \u043f\u0440\u0438\u0434\u0430\u0432\u0430\u043c\u0435 \u043d\u0430 \u0432\u0430\u0448\u0435\u0442\u043e \u0437\u0434\u0440\u0430\u0432\u0435 \u043f\u0440\u0438 \u0438\u0437\u0436\u0438\u0432\u044f\u0432\u0430\u043d\u0435\u0442\u043e \u043f\u0440\u0438 \u043d\u0430\u0441\u0442\u0430\u043d\u044f\u0432\u0430\u043d\u0435. \u0421\u044a\u0441 \u0441\u0442\u0440\u0430\u043d\u0438\u0446\u0430\u0442\u0430 \u0437\u0430 \u043d\u0430\u0441\u0442\u0430\u043d\u044f\u0432\u0430\u043d\u0435 \u0432\u0438 \u043f\u0440\u0438\u0432\u0435\u0442\u0441\u0442\u0432\u0430\u043c\u0435, \u043a\u0430\u0442\u043e \u043f\u0440\u0435\u0434\u043b\u0430\u0433\u0430\u043c\u0435 \u043d\u0430\u0439-\u0434\u043e\u0431\u0440\u0438\u0442\u0435 \u043e\u043f\u0446\u0438\u0438, \u043a\u043e\u0438\u0442\u043e \u043f\u0440\u0430\u0432\u044f\u0442 \u043f\u044a\u0442\u0443\u0432\u0430\u043d\u0435\u0442\u043e \u0432\u0438 \u0441\u043f\u0435\u0446\u0438\u0430\u043b\u043d\u043e.<\/em><\/strong><\/p><p><strong><em>\u0417\u0430 \u0434\u0430 \u0437\u0430\u0449\u0438\u0442\u0438\u043c \u0432\u0430\u0448\u0435\u0442\u043e \u0437\u0434\u0440\u0430\u0432\u0435 \u0438 \u0434\u0430 \u043d\u0435 \u043f\u0440\u0430\u0432\u0438\u043c \u043a\u043e\u043c\u043f\u0440\u043e\u043c\u0438\u0441 \u0441 \u0432\u0430\u0448\u0438\u044f \u043a\u043e\u043c\u0444\u043e\u0440\u0442, \u043c\u0435\u0441\u0442\u0430\u0442\u0430 \u0437\u0430 \u043d\u0430\u0441\u0442\u0430\u043d\u044f\u0432\u0430\u043d\u0435, \u043a\u043e\u0438\u0442\u043e \u0438\u0437\u0431\u0438\u0440\u0430\u043c\u0435, \u0441\u0430 \u0432\u043d\u0438\u043c\u0430\u0442\u0435\u043b\u043d\u043e \u043f\u043e\u0434\u0431\u0440\u0430\u043d\u0438. \u0412\u0438\u0435 \u043f\u0440\u043e\u0441\u0442\u043e \u0438\u0434\u0432\u0430\u0442\u0435 \u0434\u0430 \u0441\u0435 \u043e\u0442\u043f\u0443\u0441\u043d\u0435\u0442\u0435 \u0438 \u0434\u0430 \u0438\u0437\u0441\u043b\u0435\u0434\u0432\u0430\u0442\u0435, \u043e\u0441\u0442\u0430\u0432\u0435\u0442\u0435 \u043e\u0441\u0442\u0430\u043d\u0430\u043b\u043e\u0442\u043e \u043d\u0430 \u043d\u0430\u0441. \u041f\u0440\u0435\u0434\u043e\u0441\u0442\u0430\u0432\u044f\u043c\u0435 \u0432\u0438 \u043d\u0435\u0437\u0430\u0431\u0440\u0430\u0432\u0438\u043c\u043e \u043a\u043e\u043c\u0444\u043e\u0440\u0442\u043d\u043e \u0438\u0437\u0436\u0438\u0432\u044f\u0432\u0430\u043d\u0435 \u0441 \u0430\u043b\u0442\u0435\u0440\u043d\u0430\u0442\u0438\u0432\u0438 \u0437\u0430 \u043d\u0430\u0441\u0442\u0430\u043d\u044f\u0432\u0430\u043d\u0435, \u043a\u043e\u0438\u0442\u043e \u0441\u0430 \u043f\u043e\u0434\u0445\u043e\u0434\u044f\u0449\u0438 \u0437\u0430 \u043d\u0430\u0448\u0438\u0442\u0435 \u0437\u0434\u0440\u0430\u0432\u043d\u0438 \u0446\u0435\u043d\u043d\u043e\u0441\u0442\u0438 \u0438 \u0441\u0430 \u043f\u0440\u0438\u0432\u043b\u0435\u043a\u0430\u0442\u0435\u043b\u043d\u0438 \u0437\u0430 \u0432\u0430\u0448\u0438\u0442\u0435 \u043d\u0443\u0436\u0434\u0438.<\/em><\/strong><\/p><p><strong><em>\u0423\u0441\u043b\u0443\u0433\u0438\u0442\u0435 \u0437\u0430 \u043d\u0430\u0441\u0442\u0430\u043d\u044f\u0432\u0430\u043d\u0435 \u043d\u0430 Aegean Health Care \u0432\u0438 \u043f\u0440\u0435\u0434\u043b\u0430\u0433\u0430\u0442 \u0438\u043d\u0434\u0438\u0432\u0438\u0434\u0443\u0430\u043b\u043d\u0438 \u0440\u0435\u0448\u0435\u043d\u0438\u044f. \u041d\u0435\u0437\u0430\u0432\u0438\u0441\u0438\u043c\u043e \u0434\u0430\u043b\u0438 \u0438\u0441\u043a\u0430\u0442\u0435 \u0434\u0430 \u043e\u0442\u0441\u0435\u0434\u043d\u0435\u0442\u0435 \u0432 \u043b\u0443\u043a\u0441\u043e\u0437\u0435\u043d \u0445\u043e\u0442\u0435\u043b \u0438\u043b\u0438 \u0436\u0435\u043b\u0430\u0435\u0442\u0435 \u043f\u043e\u0447\u0438\u0432\u043a\u0430 \u0441\u0440\u0435\u0434 \u043f\u0440\u0438\u0440\u043e\u0434\u0430\u0442\u0430; \u041d\u0430\u0448\u0438\u044f\u0442 \u0435\u043a\u0441\u043f\u0435\u0440\u0442\u0435\u043d \u0435\u043a\u0438\u043f \u043e\u043f\u0440\u0435\u0434\u0435\u043b\u044f \u043d\u0430\u0439-\u043f\u043e\u0434\u0445\u043e\u0434\u044f\u0449\u0438\u0442\u0435 \u043e\u043f\u0446\u0438\u0438 \u0437\u0430 \u043d\u0430\u0441\u0442\u0430\u043d\u044f\u0432\u0430\u043d\u0435 \u0437\u0430 \u0432\u0430\u0448\u0438\u0442\u0435 \u043f\u043b\u0430\u043d\u043e\u0432\u0435 \u0437\u0430 \u043f\u044a\u0442\u0443\u0432\u0430\u043d\u0435.<\/em><\/strong><\/p><p><strong><em>\u041d\u0438\u0435 \u0441\u043c\u0435 \u0442\u0443\u043a, \u0437\u0430 \u0434\u0430 \u0441\u0431\u044a\u0434\u043d\u0435\u043c \u0432\u0430\u0448\u0430\u0442\u0430 \u043c\u0435\u0447\u0442\u0430\u043d\u0430 \u043f\u043e\u0447\u0438\u0432\u043a\u0430. \u041d\u0430 \u043d\u0430\u0448\u0430\u0442\u0430 \u0441\u0442\u0440\u0430\u043d\u0438\u0446\u0430 \u0437\u0430 \u043d\u0430\u0441\u0442\u0430\u043d\u044f\u0432\u0430\u043d\u0435 \u043c\u043e\u0436\u0435\u0442\u0435 \u0434\u0430 \u043d\u0430\u043c\u0435\u0440\u0438\u0442\u0435 \u043f\u043e\u0434\u0440\u043e\u0431\u043d\u043e\u0441\u0442\u0438 \u0437\u0430 \u043c\u0435\u0441\u0442\u0430\u0442\u0430, \u0432\u043d\u0438\u043c\u0430\u0442\u0435\u043b\u043d\u043e \u043f\u043e\u0434\u0431\u0440\u0430\u043d\u0438 \u0437\u0430 \u0432\u0430\u0441. \u0414\u043e\u043a\u0430\u0442\u043e \u0438\u043c\u0430\u0442\u0435 \u0438\u0437\u0436\u0438\u0432\u044f\u0432\u0430\u043d\u0435, \u0438\u0437\u043f\u044a\u043b\u043d\u0435\u043d\u043e \u0441\u044a\u0441 \u0437\u0434\u0440\u0430\u0432\u0435, \u043c\u043e\u0436\u0435\u0442\u0435 \u0434\u0430 \u0441\u0435 \u043d\u0430\u0441\u043b\u0430\u0434\u0438\u0442\u0435 \u0438 \u043d\u0430 \u043a\u043e\u043c\u0444\u043e\u0440\u0442\u0430.<\/em><\/strong><\/p><p><strong><em>\u0414\u043e\u0432\u0435\u0440\u0435\u0442\u0435 \u043d\u0438 \u0441\u0435, \u0437\u0430 \u0434\u0430 \u043d\u0430\u043f\u0440\u0430\u0432\u0438\u043c \u0432\u0430\u0448\u0435\u0442\u043e \u043f\u044a\u0442\u0443\u0432\u0430\u043d\u0435 \u043f\u043e-\u0437\u0430\u043f\u043e\u043c\u043d\u044f\u0449\u043e \u0441\u0435. \u041d\u0438\u0435 \u043f\u0440\u043e\u0435\u043a\u0442\u0438\u0440\u0430\u043c\u0435 \u043d\u0430\u0439-\u0434\u043e\u0431\u0440\u043e\u0442\u043e \u0432\u0430\u043a\u0430\u043d\u0446\u0438\u043e\u043d\u043d\u043e \u0438\u0437\u0436\u0438\u0432\u044f\u0432\u0430\u043d\u0435 \u0437\u0430 \u0432\u0430\u0441, \u043a\u0430\u0442\u043e \u043a\u043e\u043c\u0431\u0438\u043d\u0438\u0440\u0430\u043c\u0435 \u0437\u0434\u0440\u0430\u0432\u0435 \u0438 \u043a\u043e\u043c\u0444\u043e\u0440\u0442 \u0441 Aegean Health Care Accommodation Services.<\/em><\/strong><\/p>\t\t\t\t\t\t<\/div>\n\t\t\t\t<\/div>\n\t\t\t\t\t<\/div>\n\t\t<\/div>\n\t\t\t\t\t\t\t<\/div>\n\t\t<\/section>\n\t\t\t\t\t\t\t<\/div>","protected":false},"excerpt":{"rendered":"<p>Rahat\u0131n\u0131z Bizim \u0130\u015fimiz: Aegean Health Care Konaklama Hizmetleri Sa\u011fl\u0131k ve konfor bir araya geldi\u011finde, unutulmaz anlar do\u011far. Aegean Health Care olarak, sa\u011fl\u0131\u011f\u0131n\u0131za verdi\u011fimiz \u00f6nemi konaklama deneyimlerinde de hissettiriyoruz. Konaklama sayfas\u0131yla, seyahatinizi \u00f6zel k\u0131lan en iyi se\u00e7enekleri sunarak sizi a\u011f\u0131rl\u0131yoruz. Sa\u011fl\u0131\u011f\u0131n\u0131z\u0131 korumak ve konforunuzdan \u00f6d\u00fcn vermemek amac\u0131yla se\u00e7ti\u011fimiz konaklama yerleri \u00f6zenle se\u00e7ilir. Siz sadece dinlenmek ve [&hellip;]<\/p>","protected":false},"author":2,"featured_media":0,"parent":0,"menu_order":0,"comment_status":"closed","ping_status":"closed","template":"","meta":{"footnotes":""},"_links":{"self":[{"href":"https:\/\/aegeanhealthcare.com.tr\/bg\/wp-json\/wp\/v2\/pages\/524"}],"collection":[{"href":"https:\/\/aegeanhealthcare.com.tr\/bg\/wp-json\/wp\/v2\/pages"}],"about":[{"href":"https:\/\/aegeanhealthcare.com.tr\/bg\/wp-json\/wp\/v2\/types\/page"}],"author":[{"embeddable":true,"href":"https:\/\/aegeanhealthcare.com.tr\/bg\/wp-json\/wp\/v2\/users\/2"}],"replies":[{"embeddable":true,"href":"https:\/\/aegeanhealthcare.com.tr\/bg\/wp-json\/wp\/v2\/comments?post=524"}],"version-history":[{"count":10,"href":"https:\/\/aegeanhealthcare.com.tr\/bg\/wp-json\/wp\/v2\/pages\/524\/revisions"}],"predecessor-version":[{"id":534,"href":"https:\/\/aegeanhealthcare.com.tr\/bg\/wp-json\/wp\/v2\/pages\/524\/revisions\/534"}],"wp:attachment":[{"href":"https:\/\/aegeanhealthcare.com.tr\/bg\/wp-json\/wp\/v2\/media?parent=524"}],"curies":[{"name":"wp","href":"https:\/\/api.w.org\/{rel}","templated":true}]}}