{"id":508,"date":"2023-08-22T11:52:34","date_gmt":"2023-08-22T08:52:34","guid":{"rendered":"http:\/\/aegeanhealthcare.com.tr\/?page_id=508"},"modified":"2023-08-22T11:56:11","modified_gmt":"2023-08-22T08:56:11","slug":"havalimani-transferi","status":"publish","type":"page","link":"https:\/\/aegeanhealthcare.com.tr\/bg\/havalimani-transferi\/","title":{"rendered":"\u041b\u0435\u0442\u0438\u0449\u0435\u043d \u0442\u0440\u0430\u043d\u0441\u0444\u0435\u0440"},"content":{"rendered":"<div data-elementor-type=\"wp-page\" data-elementor-id=\"508\" class=\"elementor elementor-508\" data-elementor-post-type=\"page\">\n\t\t\t\t\t\t\t\t\t<section class=\"elementor-section elementor-top-section elementor-element elementor-element-88711ff elementor-section-boxed elementor-section-height-default elementor-section-height-default\" data-id=\"88711ff\" data-element_type=\"section\">\n\t\t\t\t\t\t<div class=\"elementor-container elementor-column-gap-default\">\n\t\t\t\t\t<div class=\"elementor-column elementor-col-100 elementor-top-column elementor-element elementor-element-cb8fcf4\" data-id=\"cb8fcf4\" data-element_type=\"column\">\n\t\t\t<div class=\"elementor-widget-wrap elementor-element-populated\">\n\t\t\t\t\t\t\t\t<div class=\"elementor-element elementor-element-5dd8bbf elementor-widget elementor-widget-text-editor\" data-id=\"5dd8bbf\" data-element_type=\"widget\" data-widget_type=\"text-editor.default\">\n\t\t\t\t<div class=\"elementor-widget-container\">\n\t\t\t<style>\/*! elementor - v3.15.0 - 09-08-2023 *\/\n.elementor-widget-text-editor.elementor-drop-cap-view-stacked .elementor-drop-cap{background-color:#69727d;color:#fff}.elementor-widget-text-editor.elementor-drop-cap-view-framed .elementor-drop-cap{color:#69727d;border:3px solid;background-color:transparent}.elementor-widget-text-editor:not(.elementor-drop-cap-view-default) .elementor-drop-cap{margin-top:8px}.elementor-widget-text-editor:not(.elementor-drop-cap-view-default) .elementor-drop-cap-letter{width:1em;height:1em}.elementor-widget-text-editor .elementor-drop-cap{float:left;text-align:center;line-height:1;font-size:50px}.elementor-widget-text-editor .elementor-drop-cap-letter{display:inline-block}<\/style>\t\t\t\t<h2><strong>\u041f\u0440\u0435\u0433\u044a\u0440\u043d\u0435\u0442\u0435 \u0437\u0434\u0440\u0430\u0432\u0435\u0442\u043e: \u041d\u0430\u043f\u0440\u0430\u0432\u0435\u0442\u0435 \u0443\u0434\u043e\u0431\u043d\u043e \u043f\u044a\u0442\u0443\u0432\u0430\u043d\u0435 \u0441 \u043b\u0435\u0442\u0438\u0449\u0435\u043d \u0442\u0440\u0430\u043d\u0441\u0444\u0435\u0440 \u043e\u0442 Aegean Health Care<\/strong><\/h2><p><strong>\u041a\u0430\u0442\u043e \u0441\u0435\u043c\u0435\u0439\u0441\u0442\u0432\u043e Aegean Health Care, \u043d\u0438\u0435 \u0441\u043c\u0435 \u0449\u0430\u0441\u0442\u043b\u0438\u0432\u0438 \u0434\u0430 \u0432\u0438 \u043f\u0440\u0435\u0434\u043b\u043e\u0436\u0438\u043c \u0443\u043d\u0438\u043a\u0430\u043b\u043d\u0438 \u043f\u0440\u0435\u0436\u0438\u0432\u044f\u0432\u0430\u043d\u0438\u044f \u043e\u0442\u0432\u044a\u0434 \u0437\u0434\u0440\u0430\u0432\u0435\u0442\u043e \u0438 \u0431\u043b\u0430\u0433\u043e\u043f\u043e\u043b\u0443\u0447\u0438\u0435\u0442\u043e. \u041e\u0441\u0432\u0435\u043d \u0432\u0441\u0435\u043a\u0438 \u043c\u043e\u043c\u0435\u043d\u0442, \u043a\u043e\u0439\u0442\u043e \u043f\u0440\u0435\u043a\u0430\u0440\u0432\u0430\u0442\u0435 \u0441\u044a\u0441 \u0437\u0434\u0440\u0430\u0432\u0435, \u043d\u0438\u0435 \u0441\u043c\u0435 \u0441 \u0432\u0430\u0441 \u0438 \u043d\u0430 \u0432\u0430\u0448\u0438\u0442\u0435 \u043f\u044a\u0442\u0443\u0432\u0430\u043d\u0438\u044f. \u0417\u0430 \u043f\u044a\u0442\u0443\u0432\u0430\u043d\u0435, \u0438\u0437\u043f\u044a\u043b\u043d\u0435\u043d\u043e \u0441\u044a\u0441 \u0437\u0434\u0440\u0430\u0432\u0435, \u043d\u0438\u0435 \u0432\u0438 \u0442\u0440\u0430\u043d\u0441\u043f\u043e\u0440\u0442\u0438\u0440\u0430\u043c\u0435 \u0434\u043e \u0432\u0430\u0448\u0430\u0442\u0430 \u0434\u0435\u0441\u0442\u0438\u043d\u0430\u0446\u0438\u044f \u043f\u043e \u043d\u0430\u0439-\u0443\u0434\u043e\u0431\u043d\u0438\u044f \u0438 \u0441\u043f\u0435\u0446\u0438\u0430\u043b\u0435\u043d \u043d\u0430\u0447\u0438\u043d. \u0412 \u043d\u0430\u0448\u0430\u0442\u0430 \u0443\u0441\u043b\u0443\u0433\u0430 \u0437\u0430 \u043b\u0435\u0442\u0438\u0449\u0435\u043d \u0442\u0440\u0430\u043d\u0441\u0444\u0435\u0440 \u043d\u0438\u0435 \u043a\u043e\u043c\u0431\u0438\u043d\u0438\u0440\u0430\u043c\u0435 \u043a\u043e\u043c\u0444\u043e\u0440\u0442 \u0438 \u0431\u0435\u0437\u043e\u043f\u0430\u0441\u043d\u043e\u0441\u0442 \u0432 \u0441\u044a\u043e\u0442\u0432\u0435\u0442\u0441\u0442\u0432\u0438\u0435 \u0441 \u043d\u0430\u0448\u0438\u0442\u0435 \u0437\u0434\u0440\u0430\u0432\u043d\u0438 \u0446\u0435\u043d\u043d\u043e\u0441\u0442\u0438. \u041d\u0438\u0435 \u043f\u0440\u0435\u0434\u043b\u0430\u0433\u0430\u043c\u0435 \u043d\u0435 \u0441\u0430\u043c\u043e \u0442\u0440\u0430\u043d\u0441\u0444\u0435\u0440, \u043d\u043e \u0438 \u0440\u0435\u043b\u0430\u043a\u0441\u0438\u0440\u0430\u0449\u043e \u0438\u0437\u0436\u0438\u0432\u044f\u0432\u0430\u043d\u0435 \u0441 \u043d\u0430\u0448\u0438\u0442\u0435 \u043e\u043f\u0438\u0442\u043d\u0438 \u0448\u043e\u0444\u044c\u043e\u0440\u0438 \u0438 \u043c\u043e\u0434\u0435\u0440\u043d\u0438 \u0438 \u0443\u0434\u043e\u0431\u043d\u0438 \u043f\u0440\u0435\u0432\u043e\u0437\u043d\u0438 \u0441\u0440\u0435\u0434\u0441\u0442\u0432\u0430. \u0413\u043e\u0442\u043e\u0432\u0438 \u043b\u0438 \u0441\u0442\u0435 \u0434\u0430 \u043e\u0431\u043b\u0435\u043a\u0447\u0438\u0442\u0435 \u0443\u043c\u043e\u0440\u0430\u0442\u0430 \u043e\u0442 \u043f\u044a\u0442\u0443\u0432\u0430\u043d\u0435\u0442\u043e \u0441\u0438? \u0414\u043e\u043a\u0430\u0442\u043e \u0432\u0438\u0435 \u0441\u0435 \u0444\u043e\u043a\u0443\u0441\u0438\u0440\u0430\u0442\u0435 \u0432\u044a\u0440\u0445\u0443 \u0432\u0430\u0448\u0435\u0442\u043e \u043b\u0435\u0447\u0435\u043d\u0438\u0435, \u043d\u0438\u0435 \u043e\u0431\u043c\u0438\u0441\u043b\u044f\u043c\u0435 \u0432\u0441\u0435\u043a\u0438 \u0434\u0435\u0442\u0430\u0439\u043b \u0432\u043c\u0435\u0441\u0442\u043e \u0432\u0430\u0441. \u0412\u0430\u0448\u0435\u0442\u043e \u043f\u044a\u0442\u0443\u0432\u0430\u043d\u0435 \u043e\u0442\u0433\u043e\u0432\u0430\u0440\u044f \u043d\u0430 \u0437\u0434\u0440\u0430\u0432\u0435\u0442\u043e \u0441 \u0432\u043d\u0438\u043c\u0430\u0442\u0435\u043b\u043d\u0430\u0442\u0430 \u0438 \u043f\u0435\u0440\u0441\u043e\u043d\u0430\u043b\u0438\u0437\u0438\u0440\u0430\u043d\u0430 \u0443\u0441\u043b\u0443\u0433\u0430 \u0437\u0430 \u043b\u0435\u0442\u0438\u0449\u0435\u043d \u0442\u0440\u0430\u043d\u0441\u0444\u0435\u0440 \u043d\u0430 Aegean Health Care.<\/strong><\/p><p><em><strong>\u041d\u0430\u0448\u0438\u0442\u0435 \u043e\u043f\u0438\u0442\u043d\u0438 \u0448\u043e\u0444\u044c\u043e\u0440\u0438 \u0441\u0430 \u0441 \u0432\u0430\u0441 \u0437\u0430 \u0431\u0435\u0437\u043e\u043f\u0430\u0441\u043d\u043e \u0438 \u043f\u0440\u0438\u044f\u0442\u043d\u043e \u043f\u044a\u0442\u0443\u0432\u0430\u043d\u0435. \u0412\u0441\u0435\u043a\u0438 \u043c\u043e\u043c\u0435\u043d\u0442, \u043a\u043e\u0439\u0442\u043e \u043f\u0440\u0435\u043a\u0430\u0440\u0432\u0430\u0442\u0435 \u0432 \u043d\u0430\u0448\u0438\u0442\u0435 \u043c\u043e\u0434\u0435\u0440\u043d\u0438 \u0438 \u043b\u0443\u043a\u0441\u043e\u0437\u043d\u0438 \u0430\u0432\u0442\u043e\u043c\u043e\u0431\u0438\u043b\u0438, \u0435 \u0441\u044a\u0437\u0434\u0430\u0434\u0435\u043d, \u0437\u0430 \u0434\u0430 \u0441\u0435 \u043d\u0430\u0441\u043b\u0430\u0434\u0438\u0442\u0435 \u043d\u0430 \u043a\u043e\u043c\u0444\u043e\u0440\u0442 \u0438 \u043a\u0430\u0447\u0435\u0441\u0442\u0432\u043e. \u041f\u0440\u043e\u0441\u0442\u043e \u0441\u0435\u0434\u043d\u0435\u0442\u0435 \u0438 \u043d\u0438\u0435 \u0449\u0435 \u043f\u043e\u043c\u0438\u0441\u043b\u0438\u043c \u0437\u0430 \u043e\u0441\u0442\u0430\u043d\u0430\u043b\u043e\u0442\u043e. \u0422\u043e\u0432\u0430 \u043f\u044a\u0442\u0443\u0432\u0430\u043d\u0435, \u043a\u044a\u0434\u0435\u0442\u043e \u0432\u0441\u0435\u043a\u0438 \u0434\u0435\u0442\u0430\u0439\u043b \u0435 \u0432\u043d\u0438\u043c\u0430\u0442\u0435\u043b\u043d\u043e \u043f\u043b\u0430\u043d\u0438\u0440\u0430\u043d, \u0435 \u043d\u0435 \u0441\u0430\u043c\u043e \u0442\u0440\u0430\u043d\u0441\u0444\u0435\u0440, \u043d\u043e \u0438 \u0437\u0434\u0440\u0430\u0432\u043e\u0441\u043b\u043e\u0432\u043d\u043e \u0431\u044f\u0433\u0441\u0442\u0432\u043e. \u041d\u0430\u0448\u0430\u0442\u0430 \u0443\u0441\u043b\u0443\u0433\u0430 \u0437\u0430 \u043b\u0435\u0442\u0438\u0449\u0435\u043d \u0442\u0440\u0430\u043d\u0441\u0444\u0435\u0440 \u043f\u0440\u0435\u0434\u043b\u0430\u0433\u0430 \u043f\u043e\u0432\u0435\u0447\u0435 \u043e\u0442 \u043f\u0440\u043e\u0441\u0442\u043e \u043f\u044a\u0442\u0443\u0432\u0430\u043d\u0435 \u0437\u0430 \u0432\u0430\u0441. \u041d\u0438\u0435 \u0432\u0438 \u0441\u044a\u0431\u0438\u0440\u0430\u043c\u0435 \u0441 \u043f\u0440\u0435\u0436\u0438\u0432\u044f\u0432\u0430\u043d\u0435, \u043a\u043e\u0435\u0442\u043e \u0432\u0438 \u043e\u0442\u043a\u044a\u0441\u0432\u0430 \u043e\u0442 \u0443\u043c\u043e\u0440\u0430\u0442\u0430 \u0438 \u043e\u0431\u043b\u0435\u043a\u0447\u0430\u0432\u0430 \u0441\u0442\u0440\u0435\u0441\u0430. \u0421 \u0442\u0430\u0437\u0438 \u0443\u0441\u043b\u0443\u0433\u0430, \u043a\u044a\u0434\u0435\u0442\u043e \u0437\u0434\u0440\u0430\u0432\u0435 \u0438 \u043a\u043e\u043c\u0444\u043e\u0440\u0442 \u043f\u0440\u0435\u0433\u0440\u044a\u0449\u0430\u0442, \u0432\u0438\u0435 \u0449\u0435 \u0441\u0435 \u043d\u0430\u0441\u043b\u0430\u0434\u0438\u0442\u0435 \u043d\u0430 \u043f\u043e\u0441\u0442\u0438\u0433\u0430\u043d\u0435\u0442\u043e \u043d\u0430 \u0446\u0435\u043b\u0442\u0430 \u0441\u0438 \u0438 \u0449\u0435 \u043f\u043e\u0447\u0443\u0432\u0441\u0442\u0432\u0430\u0442\u0435, \u0447\u0435 \u0432\u0441\u0435\u043a\u0438 \u043c\u043e\u043c\u0435\u043d\u0442 \u0435 \u0441\u043f\u0435\u0446\u0438\u0430\u043b\u0435\u043d. \u0421\u0435\u0433\u0430 \u0438\u0437\u043f\u0438\u0442\u0430\u0439\u0442\u0435 \u043d\u0435\u0434\u043e\u043a\u043e\u0441\u043d\u0430\u0442\u0438\u044f \u043a\u043e\u043c\u0444\u043e\u0440\u0442 \u0438 \u0433\u0440\u0438\u0436\u0430 \u043d\u0430 Aegean Health Care \u043f\u043e \u0432\u0440\u0435\u043c\u0435 \u043d\u0430 \u0432\u0430\u0448\u0438\u0442\u0435 \u043f\u044a\u0442\u0443\u0432\u0430\u043d\u0438\u044f. \u0417\u0430 \u043f\u044a\u0442\u0443\u0432\u0430\u043d\u0435, \u0438\u0437\u043f\u044a\u043b\u043d\u0435\u043d\u043e \u0441\u044a\u0441 \u0437\u0434\u0440\u0430\u0432\u0435, \u043d\u0438\u0435 \u0432\u0438 \u043e\u0447\u0430\u043a\u0432\u0430\u043c\u0435, \u043a\u0430\u0442\u043e \u043e\u0431\u043c\u0438\u0441\u043b\u044f\u043c\u0435 \u0432\u0441\u0435\u043a\u0438 \u0434\u0435\u0442\u0430\u0439\u043b. \u0417\u0430\u043f\u043e\u0437\u043d\u0430\u0439\u0442\u0435 \u0441\u0435 \u0441 \u043d\u0430\u0448\u0430\u0442\u0430 \u0443\u0441\u043b\u0443\u0433\u0430 \u0437\u0430 \u043b\u0435\u0442\u0438\u0449\u0435\u043d \u0442\u0440\u0430\u043d\u0441\u0444\u0435\u0440, \u043d\u0430\u0441\u043b\u0430\u0434\u0435\u0442\u0435 \u0441\u0435 \u043d\u0430 \u043f\u044a\u0442\u0443\u0432\u0430\u043d\u0435, \u043a\u043e\u0435\u0442\u043e \u0432\u043a\u043b\u044e\u0447\u0432\u0430 \u0437\u0434\u0440\u0430\u0432\u0435<\/strong>.<\/em><\/p><p>\u00a0<\/p>\t\t\t\t\t\t<\/div>\n\t\t\t\t<\/div>\n\t\t\t\t\t<\/div>\n\t\t<\/div>\n\t\t\t\t\t\t\t<\/div>\n\t\t<\/section>\n\t\t\t\t\t\t\t<\/div>","protected":false},"excerpt":{"rendered":"<p>Sa\u011fl\u0131kla Kucakla\u015f\u0131n: Aegean Health Care Havaliman\u0131 Transferi ile Konforlu Yolculu\u011fa Ad\u0131m At\u0131n Aegean Health Care ailesi olarak, sa\u011fl\u0131k ve refah\u0131n \u00f6tesinde sizlere benzersiz deneyimler sunmaktan mutluluk duyuyoruz. Sa\u011fl\u0131kla ge\u00e7irdi\u011finiz her an\u0131n yan\u0131 s\u0131ra, seyahatlerinizde de yan\u0131n\u0131zday\u0131z. Sa\u011fl\u0131kla dolu bir yolculuk i\u00e7in sizleri en rahat ve \u00f6zel \u015fekilde hedefinize ta\u015f\u0131yoruz. Havaliman\u0131 Transferi hizmetimizde, sa\u011fl\u0131k de\u011ferlerimize uygun [&hellip;]<\/p>","protected":false},"author":2,"featured_media":0,"parent":0,"menu_order":0,"comment_status":"closed","ping_status":"closed","template":"","meta":{"footnotes":""},"_links":{"self":[{"href":"https:\/\/aegeanhealthcare.com.tr\/bg\/wp-json\/wp\/v2\/pages\/508"}],"collection":[{"href":"https:\/\/aegeanhealthcare.com.tr\/bg\/wp-json\/wp\/v2\/pages"}],"about":[{"href":"https:\/\/aegeanhealthcare.com.tr\/bg\/wp-json\/wp\/v2\/types\/page"}],"author":[{"embeddable":true,"href":"https:\/\/aegeanhealthcare.com.tr\/bg\/wp-json\/wp\/v2\/users\/2"}],"replies":[{"embeddable":true,"href":"https:\/\/aegeanhealthcare.com.tr\/bg\/wp-json\/wp\/v2\/comments?post=508"}],"version-history":[{"count":10,"href":"https:\/\/aegeanhealthcare.com.tr\/bg\/wp-json\/wp\/v2\/pages\/508\/revisions"}],"predecessor-version":[{"id":518,"href":"https:\/\/aegeanhealthcare.com.tr\/bg\/wp-json\/wp\/v2\/pages\/508\/revisions\/518"}],"wp:attachment":[{"href":"https:\/\/aegeanhealthcare.com.tr\/bg\/wp-json\/wp\/v2\/media?parent=508"}],"curies":[{"name":"wp","href":"https:\/\/api.w.org\/{rel}","templated":true}]}}